{"id":32896,"date":"2026-04-18T00:13:20","date_gmt":"2026-04-17T17:13:20","guid":{"rendered":"https:\/\/yukoshinzendojo.com\/ky-thi-kyu-thang-cap\/"},"modified":"2026-04-20T00:52:00","modified_gmt":"2026-04-19T17:52:00","slug":"ky-thi-kyu-thang-cap","status":"publish","type":"page","link":"https:\/\/yukoshinzendojo.com\/vi\/ky-thi-kyu-thang-cap\/","title":{"rendered":"K\u1ef3 thi Kyu &amp; Th\u0103ng c\u1ea5p"},"content":{"rendered":"\t\t<div data-elementor-type=\"wp-page\" data-elementor-id=\"32896\" class=\"elementor elementor-32896 elementor-32244\" data-elementor-post-type=\"page\">\n\t\t\t\t<div class=\"elementor-element elementor-element-509b1c1e e-flex e-con-boxed e-con e-parent\" data-id=\"509b1c1e\" data-element_type=\"container\" data-e-type=\"container\" data-settings=\"{&quot;background_background&quot;:&quot;classic&quot;,&quot;shape_divider_bottom&quot;:&quot;mountains&quot;}\">\n\t\t\t\t\t<div class=\"e-con-inner\">\n\t\t\t\t<div class=\"elementor-shape elementor-shape-bottom\" aria-hidden=\"true\" data-negative=\"false\">\n\t\t\t<svg xmlns=\"http:\/\/www.w3.org\/2000\/svg\" viewBox=\"0 0 1000 100\" preserveAspectRatio=\"none\">\n\t<path class=\"elementor-shape-fill\" opacity=\"0.33\" d=\"M473,67.3c-203.9,88.3-263.1-34-320.3,0C66,119.1,0,59.7,0,59.7V0h1000v59.7 c0,0-62.1,26.1-94.9,29.3c-32.8,3.3-62.8-12.3-75.8-22.1C806,49.6,745.3,8.7,694.9,4.7S492.4,59,473,67.3z\"\/>\n\t<path class=\"elementor-shape-fill\" opacity=\"0.66\" d=\"M734,67.3c-45.5,0-77.2-23.2-129.1-39.1c-28.6-8.7-150.3-10.1-254,39.1 s-91.7-34.4-149.2,0C115.7,118.3,0,39.8,0,39.8V0h1000v36.5c0,0-28.2-18.5-92.1-18.5C810.2,18.1,775.7,67.3,734,67.3z\"\/>\n\t<path class=\"elementor-shape-fill\" d=\"M766.1,28.9c-200-57.5-266,65.5-395.1,19.5C242,1.8,242,5.4,184.8,20.6C128,35.8,132.3,44.9,89.9,52.5C28.6,63.7,0,0,0,0 h1000c0,0-9.9,40.9-83.6,48.1S829.6,47,766.1,28.9z\"\/>\n<\/svg>\t\t<\/div>\n\t\t\t\t<div class=\"elementor-element elementor-element-2a985206 elementor-widget elementor-widget-heading\" data-id=\"2a985206\" data-element_type=\"widget\" data-e-type=\"widget\" data-widget_type=\"heading.default\">\n\t\t\t\t<div class=\"elementor-widget-container\">\n\t\t\t\t\t<h1 class=\"elementor-heading-title elementor-size-default\">K\u1ef3 thi Kyu &amp; Th\u0103ng c\u1ea5p<\/h1>\t\t\t\t<\/div>\n\t\t\t\t<\/div>\n\t\t\t\t\t<\/div>\n\t\t\t\t<\/div>\n\t\t<div class=\"elementor-element elementor-element-5452d1d2 e-flex e-con-boxed e-con e-parent\" data-id=\"5452d1d2\" data-element_type=\"container\" data-e-type=\"container\">\n\t\t\t\t\t<div class=\"e-con-inner\">\n\t\t<div class=\"elementor-element elementor-element-3287d60 e-con-full e-flex e-con e-child\" data-id=\"3287d60\" data-element_type=\"container\" data-e-type=\"container\">\n\t\t\t\t<div class=\"elementor-element elementor-element-52ee85b0 elementor-widget elementor-widget-heading\" data-id=\"52ee85b0\" data-element_type=\"widget\" data-e-type=\"widget\" data-widget_type=\"heading.default\">\n\t\t\t\t<div class=\"elementor-widget-container\">\n\t\t\t\t\t<h2 class=\"elementor-heading-title elementor-size-default\">N\u01a1i nh\u1eefng kho\u1ea3nh kh\u1eafc th\u01b0\u1eddng ng\u00e0y tr\u1edf th\u00e0nh k\u00fd \u1ee9c l\u00e2u d\u00e0i \u2014 tr\u00ean v\u00e0 ngo\u00e0i tatami.<\/h2>\t\t\t\t<\/div>\n\t\t\t\t<\/div>\n\t\t\t\t<div class=\"elementor-element elementor-element-58b0bdb7 elementor-widget elementor-widget-text-editor\" data-id=\"58b0bdb7\" data-element_type=\"widget\" data-e-type=\"widget\" data-widget_type=\"text-editor.default\">\n\t\t\t\t<div class=\"elementor-widget-container\">\n\t\t\t\t\t\t\t\t\t<p><em>T\u1eeb nh\u1eefng k\u1ef3 thi \u0111ai, c\u00e1c bu\u1ed5i Seminar, \u0111\u1ebfn nh\u1eefng kho\u1ea3nh kh\u1eafc \u0111\u1eddi th\u01b0\u1eddng xen gi\u1eefa \u2014 \u0111\u00e2y l\u00e0 n\u01a1i c\u00e2u chuy\u1ec7n c\u1ee7a dojo d\u1ea7n hi\u1ec7n l\u00ean.<\/em> <em>\u201cDojo Highlights &amp; Stories\u201d l\u00e0 g\u00f3c nh\u00ecn v\u00e0o tr\u00e1i tim c\u1ed9ng \u0111\u1ed3ng c\u1ee7a ch\u00fang t\u00f4i \u2014 n\u01a1i luy\u1ec7n t\u1eadp tr\u1edf th\u00e0nh k\u00fd \u1ee9c, v\u00e0 t\u1eebng kho\u1ea3nh kh\u1eafc mang \u00fd ngh\u0129a.<\/em><\/p>\t\t\t\t\t\t\t\t<\/div>\n\t\t\t\t<\/div>\n\t\t\t\t<\/div>\n\t\t\t\t\t<\/div>\n\t\t\t\t<\/div>\n\t\t<div class=\"elementor-element elementor-element-48ee71fc e-flex e-con-boxed e-con e-parent\" data-id=\"48ee71fc\" data-element_type=\"container\" data-e-type=\"container\">\n\t\t\t\t\t<div class=\"e-con-inner\">\n\t\t<div class=\"elementor-element elementor-element-5c4cc277 e-con-full e-flex e-con e-child\" data-id=\"5c4cc277\" data-element_type=\"container\" data-e-type=\"container\">\n\t\t\t\t<div class=\"elementor-element elementor-element-3e077ab2 elementor-widget elementor-widget-heading\" data-id=\"3e077ab2\" data-element_type=\"widget\" data-e-type=\"widget\" data-widget_type=\"heading.default\">\n\t\t\t\t<div class=\"elementor-widget-container\">\n\t\t\t\t\t<h3 class=\"elementor-heading-title elementor-size-default\">hi\u1ebfc \u0111ai sau n\u1ee5 c\u01b0\u1eddi<\/h3>\t\t\t\t<\/div>\n\t\t\t\t<\/div>\n\t\t\t\t<div class=\"elementor-element elementor-element-5e8de630 elementor-widget elementor-widget-text-editor\" data-id=\"5e8de630\" data-element_type=\"widget\" data-e-type=\"widget\" data-widget_type=\"text-editor.default\">\n\t\t\t\t<div class=\"elementor-widget-container\">\n\t\t\t\t\t\t\t\t\t<p>M\u1ed7i chi\u1ebfc \u0111ai l\u00e0 m\u1ed9t c\u00e2u chuy\u1ec7n \u2014 c\u1ee7a n\u1ed7 l\u1ef1c, h\u1ed3i h\u1ed9p v\u00e0 nh\u1eefng chi\u1ebfn th\u1eafng th\u1ea7m l\u1eb7ng. Sau m\u1ed7i n\u1ee5 c\u01b0\u1eddi l\u00e0 m\u1ed9t h\u00e0nh tr\u00ecnh c\u1ee7a k\u1ef7 lu\u1eadt v\u00e0 tr\u01b0\u1edfng th\u00e0nh. <\/p>\t\t\t\t\t\t\t\t<\/div>\n\t\t\t\t<\/div>\n\t\t\t\t<\/div>\n\t\t\t\t\t<\/div>\n\t\t\t\t<\/div>\n\t\t<div class=\"elementor-element elementor-element-30f252ed e-flex e-con-boxed e-con e-parent\" data-id=\"30f252ed\" data-element_type=\"container\" data-e-type=\"container\">\n\t\t\t\t\t<div class=\"e-con-inner\">\n\t\t<div class=\"elementor-element elementor-element-4015c0a6 e-con-full e-flex e-con e-child\" data-id=\"4015c0a6\" data-element_type=\"container\" data-e-type=\"container\">\n\t\t\t\t<div class=\"elementor-element elementor-element-7cae8fc7 elementor-widget elementor-widget-jet-blog-smart-listing\" data-id=\"7cae8fc7\" data-element_type=\"widget\" data-e-type=\"widget\" data-widget_type=\"jet-blog-smart-listing.default\">\n\t\t\t\t<div class=\"elementor-widget-container\">\n\t\t\t\t\t<div class=\"elementor-jet-blog-smart-listing jet-blog\"><div class=\"jet-smart-listing-wrap\" data-settings='{&quot;block_title&quot;:&quot;&quot;,&quot;title_tag&quot;:&quot;h2&quot;,&quot;featured_post&quot;:&quot;&quot;,&quot;featured_position&quot;:null,&quot;featured_width&quot;:null,&quot;featured_layout&quot;:null,&quot;featured_image_size&quot;:null,&quot;featured_image_position&quot;:null,&quot;featured_image_width&quot;:null,&quot;featured_excerpt_length&quot;:null,&quot;featured_excerpt_trimmed_ending&quot;:null,&quot;featured_read_more&quot;:null,&quot;featured_read_more_text&quot;:null,&quot;featured_show_meta&quot;:null,&quot;featured_show_author&quot;:null,&quot;featured_show_author_avatar&quot;:null,&quot;featured_show_author_from&quot;:null,&quot;featured_avatar_custom_field&quot;:null,&quot;featured_avatar_size&quot;:null,&quot;featured_show_author_icon&quot;:null,&quot;selected_featured_show_author_icon&quot;:null,&quot;featured_show_date&quot;:null,&quot;featured_show_date_icon&quot;:null,&quot;selected_featured_show_date_icon&quot;:null,&quot;featured_show_comments&quot;:null,&quot;featured_show_comments_icon&quot;:null,&quot;selected_featured_show_comments_icon&quot;:null,&quot;posts_columns_widescreen&quot;:null,&quot;posts_columns&quot;:1,&quot;posts_columns_laptop&quot;:null,&quot;posts_columns_tablet_extra&quot;:null,&quot;posts_columns_tablet&quot;:null,&quot;posts_columns_mobile_extra&quot;:null,&quot;posts_columns_mobile&quot;:null,&quot;posts_rows_widescreen&quot;:null,&quot;posts_rows&quot;:3,&quot;posts_rows_laptop&quot;:null,&quot;posts_rows_tablet_extra&quot;:null,&quot;posts_rows_tablet&quot;:null,&quot;posts_rows_mobile_extra&quot;:null,&quot;posts_rows_mobile&quot;:null,&quot;image_size&quot;:&quot;large&quot;,&quot;image_position&quot;:&quot;left&quot;,&quot;image_width&quot;:{&quot;unit&quot;:&quot;%&quot;,&quot;size&quot;:45,&quot;sizes&quot;:[]},&quot;excerpt_length&quot;:15,&quot;excerpt_trimmed_ending&quot;:&quot;...&quot;,&quot;read_more&quot;:&quot;&quot;,&quot;read_more_text&quot;:null,&quot;show_meta&quot;:&quot;&quot;,&quot;show_author&quot;:null,&quot;show_author_avatar&quot;:null,&quot;get_avatar_from&quot;:null,&quot;avatar_custom_field&quot;:null,&quot;avatar_size&quot;:null,&quot;show_author_icon&quot;:null,&quot;selected_show_author_icon&quot;:null,&quot;show_date&quot;:null,&quot;show_date_icon&quot;:null,&quot;selected_show_date_icon&quot;:null,&quot;show_comments&quot;:null,&quot;show_comments_icon&quot;:null,&quot;selected_show_comments_icon&quot;:null,&quot;query_by&quot;:&quot;category&quot;,&quot;category_ids&quot;:[&quot;239&quot;],&quot;post_tag_ids&quot;:null,&quot;include_ids&quot;:null,&quot;exclude_ids&quot;:&quot;&quot;,&quot;custom_query_by&quot;:&quot;all&quot;,&quot;custom_terms_ids&quot;:null,&quot;meta_query&quot;:&quot;&quot;,&quot;meta_key&quot;:null,&quot;meta_value&quot;:null,&quot;show_filter&quot;:&quot;&quot;,&quot;filter_by&quot;:null,&quot;show_all_btn&quot;:null,&quot;all_btn_label&quot;:null,&quot;more_terms_icon&quot;:null,&quot;selected_more_terms_icon&quot;:null,&quot;show_arrows&quot;:&quot;&quot;,&quot;arrow_type&quot;:null,&quot;show_featured_terms&quot;:null,&quot;show_featured_terms_tax&quot;:null,&quot;show_featured_terms_num&quot;:null,&quot;show_terms&quot;:&quot;&quot;,&quot;show_terms_tax&quot;:null,&quot;show_terms_num&quot;:null,&quot;featured_meta_position&quot;:null,&quot;meta_position&quot;:null,&quot;show_image&quot;:&quot;yes&quot;,&quot;post_type&quot;:[&quot;post&quot;],&quot;post_ids&quot;:null,&quot;content_related_meta&quot;:null,&quot;show_content_related_meta&quot;:&quot;&quot;,&quot;meta_content_related_position&quot;:null,&quot;title_related_meta&quot;:null,&quot;show_title_related_meta&quot;:&quot;&quot;,&quot;meta_title_related_position&quot;:null,&quot;featured_title_length&quot;:null,&quot;title_length&quot;:0,&quot;add_button_icon&quot;:&quot;&quot;,&quot;button_icon&quot;:null,&quot;selected_button_icon&quot;:null,&quot;post_add_button_icon&quot;:&quot;&quot;,&quot;post_button_icon&quot;:null,&quot;selected_post_button_icon&quot;:null,&quot;use_custom_query&quot;:&quot;&quot;,&quot;custom_query&quot;:null,&quot;posts_offset&quot;:0,&quot;order&quot;:&quot;DESC&quot;,&quot;order_by&quot;:&quot;date&quot;,&quot;is_archive_template&quot;:&quot;&quot;}' data-page=\"1\" data-term=\"0\" data-scroll-top=>\n\t<div class=\"jet-smart-listing__heading\"><span class=\"jet-smart-listing__title-placeholder\"><\/span><\/div>\n\t<div class=\"jet-smart-listing rows-3 no-featured\"><div class=\"jet-smart-listing__posts\">\n\t\t\t\t<div class=\"jet-smart-listing__post-wrapper\">\n\t\t\t\t<div class=\"jet-smart-listing__post\">\n\t\t\t\t\t\t\t\t\t\t\t\t\t\t\t<div class=\"jet-smart-listing__post-content\"><div class=\"jet-smart-listing__post-title post-title-simple\"><a href=\"https:\/\/yukoshinzendojo.com\/vi\/aikido-kyu-test-promotion-q2-2026\/\">Aikido Kyu Test &amp; Promotion | Q2-2026<\/a><\/div><div class=\"jet-smart-listing__post-excerpt post-excerpt-simple\">Aikido Kyu Test &amp; Promotion | Q2\u20132026 The Belt Behind the Smile A morning of...<\/div><\/div>\n\t\t\t\t<\/div>\n\t\t\t<\/div>\n\t\t\t\t\t\t<div class=\"jet-smart-listing__post-wrapper\">\n\t\t\t\t<div class=\"jet-smart-listing__post has-post-thumb\">\n\t\t\t\t\t\t\t\t\t\t<div class=\"jet-smart-listing__post-thumbnail post-thumbnail-simple\"><a href=\"https:\/\/yukoshinzendojo.com\/vi\/ky-thi-va-trao-dai-aikido-quy-i-2025\/\"><img fetchpriority=\"high\" decoding=\"async\" width=\"800\" height=\"504\" src=\"https:\/\/yukoshinzendojo.com\/wp-content\/uploads\/2025\/06\/IMG_6718-1024x645.jpg\" class=\"jet-smart-listing__post-thumbnail-img post-thumbnail-img-simple wp-post-image\" alt=\"K\u1ef3 Thi v\u00e0 Trao \u0110ai Aikido | Qu\u00fd I \u2013 2025\" srcset=\"https:\/\/yukoshinzendojo.com\/wp-content\/uploads\/2025\/06\/IMG_6718-1024x645.jpg 1024w, https:\/\/yukoshinzendojo.com\/wp-content\/uploads\/2025\/06\/IMG_6718-300x189.jpg 300w, https:\/\/yukoshinzendojo.com\/wp-content\/uploads\/2025\/06\/IMG_6718-768x483.jpg 768w, https:\/\/yukoshinzendojo.com\/wp-content\/uploads\/2025\/06\/IMG_6718-1536x967.jpg 1536w, https:\/\/yukoshinzendojo.com\/wp-content\/uploads\/2025\/06\/IMG_6718-2048x1289.jpg 2048w\" sizes=\"(max-width: 800px) 100vw, 800px\" \/><\/a><\/div>\t\t\t\t\t<div class=\"jet-smart-listing__post-content\"><div class=\"jet-smart-listing__post-title post-title-simple\"><a href=\"https:\/\/yukoshinzendojo.com\/vi\/ky-thi-va-trao-dai-aikido-quy-i-2025\/\">K\u1ef3 Thi v\u00e0 Trao \u0110ai Aikido | Qu\u00fd I \u2013 2025<\/a><\/div><div class=\"jet-smart-listing__post-excerpt post-excerpt-simple\">K\u1ef3 Thi v\u00e0 Trao \u0110ai Aikido | Qu\u00fd I \u2013 2025 Ph\u00eda sau n\u1ee5 c\u01b0\u1eddi...<\/div><\/div>\n\t\t\t\t<\/div>\n\t\t\t<\/div>\n\t\t\t<\/div>\n<\/div>\n\t<\/div>\n<div class=\"jet-smart-listing-loading\"><\/div><\/div>\t\t\t\t<\/div>\n\t\t\t\t<\/div>\n\t\t\t\t<\/div>\n\t\t\t\t\t<\/div>\n\t\t\t\t<\/div>\n\t\t<div class=\"elementor-element elementor-element-2847bca0 e-flex e-con-boxed e-con e-parent\" data-id=\"2847bca0\" data-element_type=\"container\" data-e-type=\"container\">\n\t\t\t\t\t<div class=\"e-con-inner\">\n\t\t<div class=\"elementor-element elementor-element-7166cf3b e-con-full e-flex e-con e-child\" data-id=\"7166cf3b\" data-element_type=\"container\" data-e-type=\"container\">\n\t\t\t\t<div class=\"elementor-element elementor-element-d66d6ca elementor-widget-divider--view-line elementor-widget elementor-widget-divider\" data-id=\"d66d6ca\" data-element_type=\"widget\" data-e-type=\"widget\" data-widget_type=\"divider.default\">\n\t\t\t\t<div class=\"elementor-widget-container\">\n\t\t\t\t\t\t\t<div class=\"elementor-divider\">\n\t\t\t<span class=\"elementor-divider-separator\">\n\t\t\t\t\t\t<\/span>\n\t\t<\/div>\n\t\t\t\t\t\t<\/div>\n\t\t\t\t<\/div>\n\t\t\t\t<\/div>\n\t\t\t\t\t<\/div>\n\t\t\t\t<\/div>\n\t\t<div class=\"elementor-element elementor-element-6c40319a e-flex e-con-boxed e-con e-parent\" data-id=\"6c40319a\" data-element_type=\"container\" data-e-type=\"container\">\n\t\t\t\t\t<div class=\"e-con-inner\">\n\t\t<div class=\"elementor-element elementor-element-73406863 e-con-full e-flex e-con e-child\" data-id=\"73406863\" data-element_type=\"container\" data-e-type=\"container\">\n\t\t\t\t<div class=\"elementor-element elementor-element-67793681 elementor-widget elementor-widget-heading\" data-id=\"67793681\" data-element_type=\"widget\" data-e-type=\"widget\" data-widget_type=\"heading.default\">\n\t\t\t\t<div class=\"elementor-widget-container\">\n\t\t\t\t\t<h3 class=\"elementor-heading-title elementor-size-default\">\u0110\u1eddi s\u1ed1ng Dojo qua t\u1eebng kho\u1ea3nh kh\u1eafc<\/h3>\t\t\t\t<\/div>\n\t\t\t\t<\/div>\n\t\t\t\t<div class=\"elementor-element elementor-element-4d1c34be elementor-widget elementor-widget-text-editor\" data-id=\"4d1c34be\" data-element_type=\"widget\" data-e-type=\"widget\" data-widget_type=\"text-editor.default\">\n\t\t\t\t<div class=\"elementor-widget-container\">\n\t\t\t\t\t\t\t\t\t<p>Gi\u1eefa nh\u1eefng c\u1ed9t m\u1ed1c l\u00e0 nh\u1eefng kho\u1ea3nh kh\u1eafc \u0111\u1ecbnh h\u00ecnh ch\u00fang ta \u2014 m\u1ed9t b\u00e0n tay gi\u00fap \u0111\u1ee1, m\u1ed9t n\u1ee5 c\u01b0\u1eddi s\u1ebb chia, m\u1ed9t c\u00e1i c\u00fai ch\u00e0o l\u1eb7ng l\u1ebd. \u0110\u00f3 ch\u00ednh l\u00e0 tr\u00e1i tim c\u1ee7a dojo. <\/p>\t\t\t\t\t\t\t\t<\/div>\n\t\t\t\t<\/div>\n\t\t\t\t<\/div>\n\t\t\t\t\t<\/div>\n\t\t\t\t<\/div>\n\t\t\t\t<\/div>\n\t\t","protected":false},"excerpt":{"rendered":"<p>K\u1ef3 thi Kyu &amp; Th\u0103ng c\u1ea5p N\u01a1i nh\u1eefng kho\u1ea3nh kh\u1eafc th\u01b0\u1eddng ng\u00e0y tr\u1edf th\u00e0nh k\u00fd \u1ee9c l\u00e2u d\u00e0i \u2014 tr\u00ean v\u00e0 ngo\u00e0i tatami. T\u1eeb nh\u1eefng k\u1ef3 thi \u0111ai, c\u00e1c bu\u1ed5i Seminar, \u0111\u1ebfn nh\u1eefng kho\u1ea3nh kh\u1eafc \u0111\u1eddi th\u01b0\u1eddng xen gi\u1eefa \u2014 \u0111\u00e2y l\u00e0 n\u01a1i c\u00e2u chuy\u1ec7n c\u1ee7a dojo d\u1ea7n hi\u1ec7n l\u00ean. \u201cDojo Highlights &amp; Stories\u201d l\u00e0 [&hellip;]<\/p>\n","protected":false},"author":1,"featured_media":0,"parent":0,"menu_order":0,"comment_status":"closed","ping_status":"closed","template":"","meta":{"_acf_changed":false,"footnotes":""},"class_list":["post-32896","page","type-page","status-publish","hentry"],"acf":[],"yoast_head":"<!-- This site is optimized with the Yoast SEO plugin v27.4 - https:\/\/yoast.com\/product\/yoast-seo-wordpress\/ -->\n<title>K\u1ef3 thi Kyu &amp; Th\u0103ng c\u1ea5p - iKiCenter<\/title>\n<meta name=\"robots\" content=\"index, follow, max-snippet:-1, max-image-preview:large, max-video-preview:-1\" \/>\n<link rel=\"canonical\" href=\"https:\/\/yukoshinzendojo.com\/vi\/ky-thi-kyu-thang-cap\/\" \/>\n<meta property=\"og:locale\" content=\"vi_VN\" \/>\n<meta property=\"og:type\" content=\"article\" \/>\n<meta property=\"og:title\" content=\"K\u1ef3 thi Kyu &amp; Th\u0103ng c\u1ea5p - iKiCenter\" \/>\n<meta property=\"og:description\" content=\"K\u1ef3 thi Kyu &amp; Th\u0103ng c\u1ea5p N\u01a1i nh\u1eefng kho\u1ea3nh kh\u1eafc th\u01b0\u1eddng ng\u00e0y tr\u1edf th\u00e0nh k\u00fd \u1ee9c l\u00e2u d\u00e0i \u2014 tr\u00ean v\u00e0 ngo\u00e0i tatami. T\u1eeb nh\u1eefng k\u1ef3 thi \u0111ai, c\u00e1c bu\u1ed5i Seminar, \u0111\u1ebfn nh\u1eefng kho\u1ea3nh kh\u1eafc \u0111\u1eddi th\u01b0\u1eddng xen gi\u1eefa \u2014 \u0111\u00e2y l\u00e0 n\u01a1i c\u00e2u chuy\u1ec7n c\u1ee7a dojo d\u1ea7n hi\u1ec7n l\u00ean. \u201cDojo Highlights &amp; Stories\u201d l\u00e0 [&hellip;]\" \/>\n<meta property=\"og:url\" content=\"https:\/\/yukoshinzendojo.com\/vi\/ky-thi-kyu-thang-cap\/\" \/>\n<meta property=\"og:site_name\" content=\"iKiCenter\" \/>\n<meta property=\"article:publisher\" content=\"https:\/\/www.facebook.com\/iKiCenter\" \/>\n<meta property=\"article:modified_time\" content=\"2026-04-19T17:52:00+00:00\" \/>\n<meta property=\"og:image\" content=\"https:\/\/yukoshinzendojo.com\/wp-content\/uploads\/2025\/06\/IMG_6718-1024x645.webp\" \/>\n<meta name=\"twitter:card\" content=\"summary_large_image\" \/>\n<meta name=\"twitter:label1\" content=\"Est. reading time\" \/>\n\t<meta name=\"twitter:data1\" content=\"1 minute\" \/>\n<script type=\"application\/ld+json\" class=\"yoast-schema-graph\">{\"@context\":\"https:\\\/\\\/schema.org\",\"@graph\":[{\"@type\":\"WebPage\",\"@id\":\"https:\\\/\\\/yukoshinzendojo.com\\\/vi\\\/ky-thi-kyu-thang-cap\\\/\",\"url\":\"https:\\\/\\\/yukoshinzendojo.com\\\/vi\\\/ky-thi-kyu-thang-cap\\\/\",\"name\":\"K\u1ef3 thi Kyu &amp; Th\u0103ng c\u1ea5p - iKiCenter\",\"isPartOf\":{\"@id\":\"https:\\\/\\\/yukoshinzendojo.com\\\/vi\\\/#website\"},\"primaryImageOfPage\":{\"@id\":\"https:\\\/\\\/yukoshinzendojo.com\\\/vi\\\/ky-thi-kyu-thang-cap\\\/#primaryimage\"},\"image\":{\"@id\":\"https:\\\/\\\/yukoshinzendojo.com\\\/vi\\\/ky-thi-kyu-thang-cap\\\/#primaryimage\"},\"thumbnailUrl\":\"https:\\\/\\\/yukoshinzendojo.com\\\/wp-content\\\/uploads\\\/2025\\\/06\\\/IMG_6718-1024x645.webp\",\"datePublished\":\"2026-04-17T17:13:20+00:00\",\"dateModified\":\"2026-04-19T17:52:00+00:00\",\"breadcrumb\":{\"@id\":\"https:\\\/\\\/yukoshinzendojo.com\\\/vi\\\/ky-thi-kyu-thang-cap\\\/#breadcrumb\"},\"inLanguage\":\"vi-VN\",\"potentialAction\":[{\"@type\":\"ReadAction\",\"target\":[\"https:\\\/\\\/yukoshinzendojo.com\\\/vi\\\/ky-thi-kyu-thang-cap\\\/\"]}]},{\"@type\":\"ImageObject\",\"inLanguage\":\"vi-VN\",\"@id\":\"https:\\\/\\\/yukoshinzendojo.com\\\/vi\\\/ky-thi-kyu-thang-cap\\\/#primaryimage\",\"url\":\"https:\\\/\\\/yukoshinzendojo.com\\\/wp-content\\\/uploads\\\/2025\\\/06\\\/IMG_6718-1024x645.webp\",\"contentUrl\":\"https:\\\/\\\/yukoshinzendojo.com\\\/wp-content\\\/uploads\\\/2025\\\/06\\\/IMG_6718-1024x645.webp\"},{\"@type\":\"BreadcrumbList\",\"@id\":\"https:\\\/\\\/yukoshinzendojo.com\\\/vi\\\/ky-thi-kyu-thang-cap\\\/#breadcrumb\",\"itemListElement\":[{\"@type\":\"ListItem\",\"position\":1,\"name\":\"Home\",\"item\":\"https:\\\/\\\/yukoshinzendojo.com\\\/vi\\\/aikido-taekwondo-quan-7-tp-hcm-iki-center\\\/\"},{\"@type\":\"ListItem\",\"position\":2,\"name\":\"K\u1ef3 thi Kyu &amp; Th\u0103ng c\u1ea5p\"}]},{\"@type\":\"WebSite\",\"@id\":\"https:\\\/\\\/yukoshinzendojo.com\\\/vi\\\/#website\",\"url\":\"https:\\\/\\\/yukoshinzendojo.com\\\/vi\\\/\",\"name\":\"Ikicenter\",\"description\":\"R\u00e8n luy\u1ec7n tinh th\u1ea7n, ch\u1eafp c\u00e1nh \u0111am m\u00ea\",\"potentialAction\":[{\"@type\":\"SearchAction\",\"target\":{\"@type\":\"EntryPoint\",\"urlTemplate\":\"https:\\\/\\\/yukoshinzendojo.com\\\/vi\\\/?s={search_term_string}\"},\"query-input\":{\"@type\":\"PropertyValueSpecification\",\"valueRequired\":true,\"valueName\":\"search_term_string\"}}],\"inLanguage\":\"vi-VN\"}]}<\/script>\n<!-- \/ Yoast SEO plugin. -->","yoast_head_json":{"title":"K\u1ef3 thi Kyu &amp; Th\u0103ng c\u1ea5p - iKiCenter","robots":{"index":"index","follow":"follow","max-snippet":"max-snippet:-1","max-image-preview":"max-image-preview:large","max-video-preview":"max-video-preview:-1"},"canonical":"https:\/\/yukoshinzendojo.com\/vi\/ky-thi-kyu-thang-cap\/","og_locale":"vi_VN","og_type":"article","og_title":"K\u1ef3 thi Kyu &amp; Th\u0103ng c\u1ea5p - iKiCenter","og_description":"K\u1ef3 thi Kyu &amp; Th\u0103ng c\u1ea5p N\u01a1i nh\u1eefng kho\u1ea3nh kh\u1eafc th\u01b0\u1eddng ng\u00e0y tr\u1edf th\u00e0nh k\u00fd \u1ee9c l\u00e2u d\u00e0i \u2014 tr\u00ean v\u00e0 ngo\u00e0i tatami. T\u1eeb nh\u1eefng k\u1ef3 thi \u0111ai, c\u00e1c bu\u1ed5i Seminar, \u0111\u1ebfn nh\u1eefng kho\u1ea3nh kh\u1eafc \u0111\u1eddi th\u01b0\u1eddng xen gi\u1eefa \u2014 \u0111\u00e2y l\u00e0 n\u01a1i c\u00e2u chuy\u1ec7n c\u1ee7a dojo d\u1ea7n hi\u1ec7n l\u00ean. \u201cDojo Highlights &amp; Stories\u201d l\u00e0 [&hellip;]","og_url":"https:\/\/yukoshinzendojo.com\/vi\/ky-thi-kyu-thang-cap\/","og_site_name":"iKiCenter","article_publisher":"https:\/\/www.facebook.com\/iKiCenter","article_modified_time":"2026-04-19T17:52:00+00:00","og_image":[{"url":"https:\/\/yukoshinzendojo.com\/wp-content\/uploads\/2025\/06\/IMG_6718-1024x645.webp","type":"","width":"","height":""}],"twitter_card":"summary_large_image","twitter_misc":{"Est. reading time":"1 minute"},"schema":{"@context":"https:\/\/schema.org","@graph":[{"@type":"WebPage","@id":"https:\/\/yukoshinzendojo.com\/vi\/ky-thi-kyu-thang-cap\/","url":"https:\/\/yukoshinzendojo.com\/vi\/ky-thi-kyu-thang-cap\/","name":"K\u1ef3 thi Kyu &amp; Th\u0103ng c\u1ea5p - iKiCenter","isPartOf":{"@id":"https:\/\/yukoshinzendojo.com\/vi\/#website"},"primaryImageOfPage":{"@id":"https:\/\/yukoshinzendojo.com\/vi\/ky-thi-kyu-thang-cap\/#primaryimage"},"image":{"@id":"https:\/\/yukoshinzendojo.com\/vi\/ky-thi-kyu-thang-cap\/#primaryimage"},"thumbnailUrl":"https:\/\/yukoshinzendojo.com\/wp-content\/uploads\/2025\/06\/IMG_6718-1024x645.webp","datePublished":"2026-04-17T17:13:20+00:00","dateModified":"2026-04-19T17:52:00+00:00","breadcrumb":{"@id":"https:\/\/yukoshinzendojo.com\/vi\/ky-thi-kyu-thang-cap\/#breadcrumb"},"inLanguage":"vi-VN","potentialAction":[{"@type":"ReadAction","target":["https:\/\/yukoshinzendojo.com\/vi\/ky-thi-kyu-thang-cap\/"]}]},{"@type":"ImageObject","inLanguage":"vi-VN","@id":"https:\/\/yukoshinzendojo.com\/vi\/ky-thi-kyu-thang-cap\/#primaryimage","url":"https:\/\/yukoshinzendojo.com\/wp-content\/uploads\/2025\/06\/IMG_6718-1024x645.webp","contentUrl":"https:\/\/yukoshinzendojo.com\/wp-content\/uploads\/2025\/06\/IMG_6718-1024x645.webp"},{"@type":"BreadcrumbList","@id":"https:\/\/yukoshinzendojo.com\/vi\/ky-thi-kyu-thang-cap\/#breadcrumb","itemListElement":[{"@type":"ListItem","position":1,"name":"Home","item":"https:\/\/yukoshinzendojo.com\/vi\/aikido-taekwondo-quan-7-tp-hcm-iki-center\/"},{"@type":"ListItem","position":2,"name":"K\u1ef3 thi Kyu &amp; Th\u0103ng c\u1ea5p"}]},{"@type":"WebSite","@id":"https:\/\/yukoshinzendojo.com\/vi\/#website","url":"https:\/\/yukoshinzendojo.com\/vi\/","name":"Ikicenter","description":"R\u00e8n luy\u1ec7n tinh th\u1ea7n, ch\u1eafp c\u00e1nh \u0111am m\u00ea","potentialAction":[{"@type":"SearchAction","target":{"@type":"EntryPoint","urlTemplate":"https:\/\/yukoshinzendojo.com\/vi\/?s={search_term_string}"},"query-input":{"@type":"PropertyValueSpecification","valueRequired":true,"valueName":"search_term_string"}}],"inLanguage":"vi-VN"}]}},"_links":{"self":[{"href":"https:\/\/yukoshinzendojo.com\/vi\/wp-json\/wp\/v2\/pages\/32896","targetHints":{"allow":["GET"]}}],"collection":[{"href":"https:\/\/yukoshinzendojo.com\/vi\/wp-json\/wp\/v2\/pages"}],"about":[{"href":"https:\/\/yukoshinzendojo.com\/vi\/wp-json\/wp\/v2\/types\/page"}],"author":[{"embeddable":true,"href":"https:\/\/yukoshinzendojo.com\/vi\/wp-json\/wp\/v2\/users\/1"}],"replies":[{"embeddable":true,"href":"https:\/\/yukoshinzendojo.com\/vi\/wp-json\/wp\/v2\/comments?post=32896"}],"version-history":[{"count":1,"href":"https:\/\/yukoshinzendojo.com\/vi\/wp-json\/wp\/v2\/pages\/32896\/revisions"}],"predecessor-version":[{"id":32897,"href":"https:\/\/yukoshinzendojo.com\/vi\/wp-json\/wp\/v2\/pages\/32896\/revisions\/32897"}],"wp:attachment":[{"href":"https:\/\/yukoshinzendojo.com\/vi\/wp-json\/wp\/v2\/media?parent=32896"}],"curies":[{"name":"wp","href":"https:\/\/api.w.org\/{rel}","templated":true}]}}