{"id":32891,"date":"2026-04-18T00:10:42","date_gmt":"2026-04-17T17:10:42","guid":{"rendered":"https:\/\/yukoshinzendojo.com\/khoanh-khac-seminar\/"},"modified":"2026-04-20T00:48:05","modified_gmt":"2026-04-19T17:48:05","slug":"khoanh-khac-seminar","status":"publish","type":"page","link":"https:\/\/yukoshinzendojo.com\/vi\/khoanh-khac-seminar\/","title":{"rendered":"Kho\u1ea3nh kh\u1eafc Seminar"},"content":{"rendered":"\t\t<div data-elementor-type=\"wp-page\" data-elementor-id=\"32891\" class=\"elementor elementor-32891 elementor-32224\" data-elementor-post-type=\"page\">\n\t\t\t\t<div class=\"elementor-element elementor-element-6dd23011 e-flex e-con-boxed e-con e-parent\" data-id=\"6dd23011\" data-element_type=\"container\" data-e-type=\"container\" data-settings=\"{&quot;background_background&quot;:&quot;classic&quot;,&quot;shape_divider_bottom&quot;:&quot;mountains&quot;}\">\n\t\t\t\t\t<div class=\"e-con-inner\">\n\t\t\t\t<div class=\"elementor-shape elementor-shape-bottom\" aria-hidden=\"true\" data-negative=\"false\">\n\t\t\t<svg xmlns=\"http:\/\/www.w3.org\/2000\/svg\" viewBox=\"0 0 1000 100\" preserveAspectRatio=\"none\">\n\t<path class=\"elementor-shape-fill\" opacity=\"0.33\" d=\"M473,67.3c-203.9,88.3-263.1-34-320.3,0C66,119.1,0,59.7,0,59.7V0h1000v59.7 c0,0-62.1,26.1-94.9,29.3c-32.8,3.3-62.8-12.3-75.8-22.1C806,49.6,745.3,8.7,694.9,4.7S492.4,59,473,67.3z\"\/>\n\t<path class=\"elementor-shape-fill\" opacity=\"0.66\" d=\"M734,67.3c-45.5,0-77.2-23.2-129.1-39.1c-28.6-8.7-150.3-10.1-254,39.1 s-91.7-34.4-149.2,0C115.7,118.3,0,39.8,0,39.8V0h1000v36.5c0,0-28.2-18.5-92.1-18.5C810.2,18.1,775.7,67.3,734,67.3z\"\/>\n\t<path class=\"elementor-shape-fill\" d=\"M766.1,28.9c-200-57.5-266,65.5-395.1,19.5C242,1.8,242,5.4,184.8,20.6C128,35.8,132.3,44.9,89.9,52.5C28.6,63.7,0,0,0,0 h1000c0,0-9.9,40.9-83.6,48.1S829.6,47,766.1,28.9z\"\/>\n<\/svg>\t\t<\/div>\n\t\t\t\t<div class=\"elementor-element elementor-element-2e1d78dd elementor-widget elementor-widget-heading\" data-id=\"2e1d78dd\" data-element_type=\"widget\" data-e-type=\"widget\" data-widget_type=\"heading.default\">\n\t\t\t\t<div class=\"elementor-widget-container\">\n\t\t\t\t\t<h1 class=\"elementor-heading-title elementor-size-default\">Kho\u1ea3nh kh\u1eafc Seminar<\/h1>\t\t\t\t<\/div>\n\t\t\t\t<\/div>\n\t\t\t\t\t<\/div>\n\t\t\t\t<\/div>\n\t\t<div class=\"elementor-element elementor-element-79210348 e-flex e-con-boxed e-con e-parent\" data-id=\"79210348\" data-element_type=\"container\" data-e-type=\"container\">\n\t\t\t\t\t<div class=\"e-con-inner\">\n\t\t<div class=\"elementor-element elementor-element-129158fc e-con-full e-flex e-con e-child\" data-id=\"129158fc\" data-element_type=\"container\" data-e-type=\"container\">\n\t\t\t\t<div class=\"elementor-element elementor-element-c739051 elementor-widget elementor-widget-heading\" data-id=\"c739051\" data-element_type=\"widget\" data-e-type=\"widget\" data-widget_type=\"heading.default\">\n\t\t\t\t<div class=\"elementor-widget-container\">\n\t\t\t\t\t<h3 class=\"elementor-heading-title elementor-size-default\">Kho\u1ea3nh kh\u1eafc Seminar<\/h3>\t\t\t\t<\/div>\n\t\t\t\t<\/div>\n\t\t\t\t<div class=\"elementor-element elementor-element-2a4f51f5 elementor-widget elementor-widget-text-editor\" data-id=\"2a4f51f5\" data-element_type=\"widget\" data-e-type=\"widget\" data-widget_type=\"text-editor.default\">\n\t\t\t\t<div class=\"elementor-widget-container\">\n\t\t\t\t\t\t\t\t\t<p>C\u00e1c bu\u1ed5i Seminar kh\u00f4ng ch\u1ec9 l\u00e0 luy\u1ec7n t\u1eadp. \u0110\u00f3 l\u00e0 n\u01a1i h\u1ed9i t\u1ee5 tinh th\u1ea7n \u2014 n\u01a1i tri th\u1ee9c, truy\u1ec1n th\u1ed1ng v\u00e0 s\u1ef1 k\u1ebft n\u1ed1i h\u00f2a l\u00e0m m\u1ed9t. <\/p>\t\t\t\t\t\t\t\t<\/div>\n\t\t\t\t<\/div>\n\t\t\t\t<\/div>\n\t\t<div class=\"elementor-element elementor-element-6578815c e-con-full e-flex e-con e-child\" data-id=\"6578815c\" data-element_type=\"container\" data-e-type=\"container\">\n\t\t\t\t<div class=\"elementor-element elementor-element-67725490 elementor-widget elementor-widget-jet-blog-smart-listing\" data-id=\"67725490\" data-element_type=\"widget\" data-e-type=\"widget\" data-widget_type=\"jet-blog-smart-listing.default\">\n\t\t\t\t<div class=\"elementor-widget-container\">\n\t\t\t\t\t<div class=\"elementor-jet-blog-smart-listing jet-blog\"><div class=\"jet-smart-listing-wrap\" data-settings='{&quot;block_title&quot;:&quot;&quot;,&quot;title_tag&quot;:&quot;h2&quot;,&quot;featured_post&quot;:&quot;&quot;,&quot;featured_position&quot;:null,&quot;featured_width&quot;:null,&quot;featured_layout&quot;:null,&quot;featured_image_size&quot;:null,&quot;featured_image_position&quot;:null,&quot;featured_image_width&quot;:null,&quot;featured_excerpt_length&quot;:null,&quot;featured_excerpt_trimmed_ending&quot;:null,&quot;featured_read_more&quot;:null,&quot;featured_read_more_text&quot;:null,&quot;featured_show_meta&quot;:null,&quot;featured_show_author&quot;:null,&quot;featured_show_author_avatar&quot;:null,&quot;featured_show_author_from&quot;:null,&quot;featured_avatar_custom_field&quot;:null,&quot;featured_avatar_size&quot;:null,&quot;featured_show_author_icon&quot;:null,&quot;selected_featured_show_author_icon&quot;:null,&quot;featured_show_date&quot;:null,&quot;featured_show_date_icon&quot;:null,&quot;selected_featured_show_date_icon&quot;:null,&quot;featured_show_comments&quot;:null,&quot;featured_show_comments_icon&quot;:null,&quot;selected_featured_show_comments_icon&quot;:null,&quot;posts_columns_widescreen&quot;:null,&quot;posts_columns&quot;:1,&quot;posts_columns_laptop&quot;:null,&quot;posts_columns_tablet_extra&quot;:null,&quot;posts_columns_tablet&quot;:null,&quot;posts_columns_mobile_extra&quot;:null,&quot;posts_columns_mobile&quot;:null,&quot;posts_rows_widescreen&quot;:null,&quot;posts_rows&quot;:3,&quot;posts_rows_laptop&quot;:null,&quot;posts_rows_tablet_extra&quot;:null,&quot;posts_rows_tablet&quot;:null,&quot;posts_rows_mobile_extra&quot;:null,&quot;posts_rows_mobile&quot;:null,&quot;image_size&quot;:&quot;large&quot;,&quot;image_position&quot;:&quot;left&quot;,&quot;image_width&quot;:{&quot;unit&quot;:&quot;%&quot;,&quot;size&quot;:50,&quot;sizes&quot;:[]},&quot;excerpt_length&quot;:15,&quot;excerpt_trimmed_ending&quot;:&quot;...&quot;,&quot;read_more&quot;:&quot;&quot;,&quot;read_more_text&quot;:null,&quot;show_meta&quot;:&quot;&quot;,&quot;show_author&quot;:null,&quot;show_author_avatar&quot;:null,&quot;get_avatar_from&quot;:null,&quot;avatar_custom_field&quot;:null,&quot;avatar_size&quot;:null,&quot;show_author_icon&quot;:null,&quot;selected_show_author_icon&quot;:null,&quot;show_date&quot;:null,&quot;show_date_icon&quot;:null,&quot;selected_show_date_icon&quot;:null,&quot;show_comments&quot;:null,&quot;show_comments_icon&quot;:null,&quot;selected_show_comments_icon&quot;:null,&quot;query_by&quot;:&quot;category&quot;,&quot;category_ids&quot;:[&quot;240&quot;],&quot;post_tag_ids&quot;:null,&quot;include_ids&quot;:null,&quot;exclude_ids&quot;:&quot;&quot;,&quot;custom_query_by&quot;:&quot;all&quot;,&quot;custom_terms_ids&quot;:null,&quot;meta_query&quot;:&quot;&quot;,&quot;meta_key&quot;:null,&quot;meta_value&quot;:null,&quot;show_filter&quot;:&quot;&quot;,&quot;filter_by&quot;:null,&quot;show_all_btn&quot;:null,&quot;all_btn_label&quot;:null,&quot;more_terms_icon&quot;:null,&quot;selected_more_terms_icon&quot;:null,&quot;show_arrows&quot;:&quot;&quot;,&quot;arrow_type&quot;:null,&quot;show_featured_terms&quot;:null,&quot;show_featured_terms_tax&quot;:null,&quot;show_featured_terms_num&quot;:null,&quot;show_terms&quot;:&quot;&quot;,&quot;show_terms_tax&quot;:null,&quot;show_terms_num&quot;:null,&quot;featured_meta_position&quot;:null,&quot;meta_position&quot;:null,&quot;show_image&quot;:&quot;yes&quot;,&quot;post_type&quot;:[&quot;post&quot;],&quot;post_ids&quot;:null,&quot;content_related_meta&quot;:null,&quot;show_content_related_meta&quot;:&quot;&quot;,&quot;meta_content_related_position&quot;:null,&quot;title_related_meta&quot;:null,&quot;show_title_related_meta&quot;:&quot;&quot;,&quot;meta_title_related_position&quot;:null,&quot;featured_title_length&quot;:null,&quot;title_length&quot;:0,&quot;add_button_icon&quot;:&quot;&quot;,&quot;button_icon&quot;:null,&quot;selected_button_icon&quot;:null,&quot;post_add_button_icon&quot;:&quot;&quot;,&quot;post_button_icon&quot;:null,&quot;selected_post_button_icon&quot;:null,&quot;use_custom_query&quot;:&quot;&quot;,&quot;custom_query&quot;:null,&quot;posts_offset&quot;:0,&quot;order&quot;:&quot;DESC&quot;,&quot;order_by&quot;:&quot;date&quot;,&quot;is_archive_template&quot;:&quot;&quot;}' data-page=\"1\" data-term=\"0\" data-scroll-top=>\n\t<div class=\"jet-smart-listing__heading\"><span class=\"jet-smart-listing__title-placeholder\"><\/span><\/div>\n\t<div class=\"jet-smart-listing rows-3 no-featured\"><div class=\"jet-smart-listing__posts\">\n\t\t\t\t<div class=\"jet-smart-listing__post-wrapper\">\n\t\t\t\t<div class=\"jet-smart-listing__post has-post-thumb\">\n\t\t\t\t\t\t\t\t\t\t<div class=\"jet-smart-listing__post-thumbnail post-thumbnail-simple\"><a href=\"https:\/\/yukoshinzendojo.com\/vi\/hoi-thao-aikido-cung-yamashima-sensei-thang-12-2024\/\"><img fetchpriority=\"high\" decoding=\"async\" width=\"800\" height=\"534\" src=\"https:\/\/yukoshinzendojo.com\/wp-content\/uploads\/2025\/06\/TQ3L0400-1024x683.jpg\" class=\"jet-smart-listing__post-thumbnail-img post-thumbnail-img-simple wp-post-image\" alt=\"H\u1ed9i th\u1ea3o Aikido c\u00f9ng Yamashima Sensei \u2013 Th\u00e1ng 12\/2024\" srcset=\"https:\/\/yukoshinzendojo.com\/wp-content\/uploads\/2025\/06\/TQ3L0400-1024x683.jpg 1024w, https:\/\/yukoshinzendojo.com\/wp-content\/uploads\/2025\/06\/TQ3L0400-300x200.jpg 300w, https:\/\/yukoshinzendojo.com\/wp-content\/uploads\/2025\/06\/TQ3L0400-768x512.jpg 768w, https:\/\/yukoshinzendojo.com\/wp-content\/uploads\/2025\/06\/TQ3L0400-391x260.jpg 391w, https:\/\/yukoshinzendojo.com\/wp-content\/uploads\/2025\/06\/TQ3L0400-1536x1024.jpg 1536w, https:\/\/yukoshinzendojo.com\/wp-content\/uploads\/2025\/06\/TQ3L0400-2048x1365.jpg 2048w\" sizes=\"(max-width: 800px) 100vw, 800px\" \/><\/a><\/div>\t\t\t\t\t<div class=\"jet-smart-listing__post-content\"><div class=\"jet-smart-listing__post-title post-title-simple\"><a href=\"https:\/\/yukoshinzendojo.com\/vi\/hoi-thao-aikido-cung-yamashima-sensei-thang-12-2024\/\">H\u1ed9i th\u1ea3o Aikido c\u00f9ng Yamashima Sensei \u2013 Th\u00e1ng 12\/2024<\/a><\/div><div class=\"jet-smart-listing__post-excerpt post-excerpt-simple\">H\u1ed9i th\u1ea3o Aikido c\u00f9ng Yamashima Sensei \u2013 Th\u00e1ng 12\/2024 Ba ng\u00e0y Keiko \u2013 G\u1eafn k\u1ebft,...<\/div><\/div>\n\t\t\t\t<\/div>\n\t\t\t<\/div>\n\t\t\t<\/div>\n<\/div>\n\t<\/div>\n<div class=\"jet-smart-listing-loading\"><\/div><\/div>\t\t\t\t<\/div>\n\t\t\t\t<\/div>\n\t\t\t\t<\/div>\n\t\t\t\t\t<\/div>\n\t\t\t\t<\/div>\n\t\t\t\t<\/div>\n\t\t","protected":false},"excerpt":{"rendered":"<p>Kho\u1ea3nh kh\u1eafc Seminar Kho\u1ea3nh kh\u1eafc Seminar C\u00e1c bu\u1ed5i Seminar kh\u00f4ng ch\u1ec9 l\u00e0 luy\u1ec7n t\u1eadp. \u0110\u00f3 l\u00e0 n\u01a1i h\u1ed9i t\u1ee5 tinh th\u1ea7n \u2014 n\u01a1i tri th\u1ee9c, truy\u1ec1n th\u1ed1ng v\u00e0 s\u1ef1 k\u1ebft n\u1ed1i h\u00f2a l\u00e0m m\u1ed9t. Aikido Seminar with Yamashima Sensei \u2013 December 2024Aikido Seminar with Yamashima Sensei \u2013 December 2024 Three Days of Keiko, Connection, Quiet [&hellip;]<\/p>\n","protected":false},"author":1,"featured_media":0,"parent":0,"menu_order":0,"comment_status":"closed","ping_status":"closed","template":"","meta":{"_acf_changed":false,"footnotes":""},"class_list":["post-32891","page","type-page","status-publish","hentry"],"acf":[],"yoast_head":"<!-- This site is optimized with the Yoast SEO plugin v27.4 - https:\/\/yoast.com\/product\/yoast-seo-wordpress\/ -->\n<title>Kho\u1ea3nh kh\u1eafc Seminar - iKiCenter<\/title>\n<meta name=\"robots\" content=\"index, follow, max-snippet:-1, max-image-preview:large, max-video-preview:-1\" \/>\n<link rel=\"canonical\" href=\"https:\/\/yukoshinzendojo.com\/vi\/khoanh-khac-seminar\/\" \/>\n<meta property=\"og:locale\" content=\"vi_VN\" \/>\n<meta property=\"og:type\" content=\"article\" \/>\n<meta property=\"og:title\" content=\"Kho\u1ea3nh kh\u1eafc Seminar - iKiCenter\" \/>\n<meta property=\"og:description\" content=\"Kho\u1ea3nh kh\u1eafc Seminar Kho\u1ea3nh kh\u1eafc Seminar C\u00e1c bu\u1ed5i Seminar kh\u00f4ng ch\u1ec9 l\u00e0 luy\u1ec7n t\u1eadp. \u0110\u00f3 l\u00e0 n\u01a1i h\u1ed9i t\u1ee5 tinh th\u1ea7n \u2014 n\u01a1i tri th\u1ee9c, truy\u1ec1n th\u1ed1ng v\u00e0 s\u1ef1 k\u1ebft n\u1ed1i h\u00f2a l\u00e0m m\u1ed9t. Aikido Seminar with Yamashima Sensei \u2013 December 2024Aikido Seminar with Yamashima Sensei \u2013 December 2024 Three Days of Keiko, Connection, Quiet [&hellip;]\" \/>\n<meta property=\"og:url\" content=\"https:\/\/yukoshinzendojo.com\/vi\/khoanh-khac-seminar\/\" \/>\n<meta property=\"og:site_name\" content=\"iKiCenter\" \/>\n<meta property=\"article:publisher\" content=\"https:\/\/www.facebook.com\/iKiCenter\" \/>\n<meta property=\"article:modified_time\" content=\"2026-04-19T17:48:05+00:00\" \/>\n<meta property=\"og:image\" content=\"https:\/\/yukoshinzendojo.com\/wp-content\/uploads\/2025\/06\/TQ3L0400-1024x683.webp\" \/>\n<meta name=\"twitter:card\" content=\"summary_large_image\" \/>\n<script type=\"application\/ld+json\" class=\"yoast-schema-graph\">{\"@context\":\"https:\\\/\\\/schema.org\",\"@graph\":[{\"@type\":\"WebPage\",\"@id\":\"https:\\\/\\\/yukoshinzendojo.com\\\/vi\\\/khoanh-khac-seminar\\\/\",\"url\":\"https:\\\/\\\/yukoshinzendojo.com\\\/vi\\\/khoanh-khac-seminar\\\/\",\"name\":\"Kho\u1ea3nh kh\u1eafc Seminar - iKiCenter\",\"isPartOf\":{\"@id\":\"https:\\\/\\\/yukoshinzendojo.com\\\/vi\\\/#website\"},\"primaryImageOfPage\":{\"@id\":\"https:\\\/\\\/yukoshinzendojo.com\\\/vi\\\/khoanh-khac-seminar\\\/#primaryimage\"},\"image\":{\"@id\":\"https:\\\/\\\/yukoshinzendojo.com\\\/vi\\\/khoanh-khac-seminar\\\/#primaryimage\"},\"thumbnailUrl\":\"https:\\\/\\\/yukoshinzendojo.com\\\/wp-content\\\/uploads\\\/2025\\\/06\\\/TQ3L0400-1024x683.webp\",\"datePublished\":\"2026-04-17T17:10:42+00:00\",\"dateModified\":\"2026-04-19T17:48:05+00:00\",\"breadcrumb\":{\"@id\":\"https:\\\/\\\/yukoshinzendojo.com\\\/vi\\\/khoanh-khac-seminar\\\/#breadcrumb\"},\"inLanguage\":\"vi-VN\",\"potentialAction\":[{\"@type\":\"ReadAction\",\"target\":[\"https:\\\/\\\/yukoshinzendojo.com\\\/vi\\\/khoanh-khac-seminar\\\/\"]}]},{\"@type\":\"ImageObject\",\"inLanguage\":\"vi-VN\",\"@id\":\"https:\\\/\\\/yukoshinzendojo.com\\\/vi\\\/khoanh-khac-seminar\\\/#primaryimage\",\"url\":\"https:\\\/\\\/yukoshinzendojo.com\\\/wp-content\\\/uploads\\\/2025\\\/06\\\/TQ3L0400-1024x683.webp\",\"contentUrl\":\"https:\\\/\\\/yukoshinzendojo.com\\\/wp-content\\\/uploads\\\/2025\\\/06\\\/TQ3L0400-1024x683.webp\"},{\"@type\":\"BreadcrumbList\",\"@id\":\"https:\\\/\\\/yukoshinzendojo.com\\\/vi\\\/khoanh-khac-seminar\\\/#breadcrumb\",\"itemListElement\":[{\"@type\":\"ListItem\",\"position\":1,\"name\":\"Home\",\"item\":\"https:\\\/\\\/yukoshinzendojo.com\\\/vi\\\/aikido-taekwondo-quan-7-tp-hcm-iki-center\\\/\"},{\"@type\":\"ListItem\",\"position\":2,\"name\":\"Kho\u1ea3nh kh\u1eafc Seminar\"}]},{\"@type\":\"WebSite\",\"@id\":\"https:\\\/\\\/yukoshinzendojo.com\\\/vi\\\/#website\",\"url\":\"https:\\\/\\\/yukoshinzendojo.com\\\/vi\\\/\",\"name\":\"Ikicenter\",\"description\":\"R\u00e8n luy\u1ec7n tinh th\u1ea7n, ch\u1eafp c\u00e1nh \u0111am m\u00ea\",\"potentialAction\":[{\"@type\":\"SearchAction\",\"target\":{\"@type\":\"EntryPoint\",\"urlTemplate\":\"https:\\\/\\\/yukoshinzendojo.com\\\/vi\\\/?s={search_term_string}\"},\"query-input\":{\"@type\":\"PropertyValueSpecification\",\"valueRequired\":true,\"valueName\":\"search_term_string\"}}],\"inLanguage\":\"vi-VN\"}]}<\/script>\n<!-- \/ Yoast SEO plugin. -->","yoast_head_json":{"title":"Kho\u1ea3nh kh\u1eafc Seminar - iKiCenter","robots":{"index":"index","follow":"follow","max-snippet":"max-snippet:-1","max-image-preview":"max-image-preview:large","max-video-preview":"max-video-preview:-1"},"canonical":"https:\/\/yukoshinzendojo.com\/vi\/khoanh-khac-seminar\/","og_locale":"vi_VN","og_type":"article","og_title":"Kho\u1ea3nh kh\u1eafc Seminar - iKiCenter","og_description":"Kho\u1ea3nh kh\u1eafc Seminar Kho\u1ea3nh kh\u1eafc Seminar C\u00e1c bu\u1ed5i Seminar kh\u00f4ng ch\u1ec9 l\u00e0 luy\u1ec7n t\u1eadp. \u0110\u00f3 l\u00e0 n\u01a1i h\u1ed9i t\u1ee5 tinh th\u1ea7n \u2014 n\u01a1i tri th\u1ee9c, truy\u1ec1n th\u1ed1ng v\u00e0 s\u1ef1 k\u1ebft n\u1ed1i h\u00f2a l\u00e0m m\u1ed9t. Aikido Seminar with Yamashima Sensei \u2013 December 2024Aikido Seminar with Yamashima Sensei \u2013 December 2024 Three Days of Keiko, Connection, Quiet [&hellip;]","og_url":"https:\/\/yukoshinzendojo.com\/vi\/khoanh-khac-seminar\/","og_site_name":"iKiCenter","article_publisher":"https:\/\/www.facebook.com\/iKiCenter","article_modified_time":"2026-04-19T17:48:05+00:00","og_image":[{"url":"https:\/\/yukoshinzendojo.com\/wp-content\/uploads\/2025\/06\/TQ3L0400-1024x683.webp","type":"","width":"","height":""}],"twitter_card":"summary_large_image","schema":{"@context":"https:\/\/schema.org","@graph":[{"@type":"WebPage","@id":"https:\/\/yukoshinzendojo.com\/vi\/khoanh-khac-seminar\/","url":"https:\/\/yukoshinzendojo.com\/vi\/khoanh-khac-seminar\/","name":"Kho\u1ea3nh kh\u1eafc Seminar - iKiCenter","isPartOf":{"@id":"https:\/\/yukoshinzendojo.com\/vi\/#website"},"primaryImageOfPage":{"@id":"https:\/\/yukoshinzendojo.com\/vi\/khoanh-khac-seminar\/#primaryimage"},"image":{"@id":"https:\/\/yukoshinzendojo.com\/vi\/khoanh-khac-seminar\/#primaryimage"},"thumbnailUrl":"https:\/\/yukoshinzendojo.com\/wp-content\/uploads\/2025\/06\/TQ3L0400-1024x683.webp","datePublished":"2026-04-17T17:10:42+00:00","dateModified":"2026-04-19T17:48:05+00:00","breadcrumb":{"@id":"https:\/\/yukoshinzendojo.com\/vi\/khoanh-khac-seminar\/#breadcrumb"},"inLanguage":"vi-VN","potentialAction":[{"@type":"ReadAction","target":["https:\/\/yukoshinzendojo.com\/vi\/khoanh-khac-seminar\/"]}]},{"@type":"ImageObject","inLanguage":"vi-VN","@id":"https:\/\/yukoshinzendojo.com\/vi\/khoanh-khac-seminar\/#primaryimage","url":"https:\/\/yukoshinzendojo.com\/wp-content\/uploads\/2025\/06\/TQ3L0400-1024x683.webp","contentUrl":"https:\/\/yukoshinzendojo.com\/wp-content\/uploads\/2025\/06\/TQ3L0400-1024x683.webp"},{"@type":"BreadcrumbList","@id":"https:\/\/yukoshinzendojo.com\/vi\/khoanh-khac-seminar\/#breadcrumb","itemListElement":[{"@type":"ListItem","position":1,"name":"Home","item":"https:\/\/yukoshinzendojo.com\/vi\/aikido-taekwondo-quan-7-tp-hcm-iki-center\/"},{"@type":"ListItem","position":2,"name":"Kho\u1ea3nh kh\u1eafc Seminar"}]},{"@type":"WebSite","@id":"https:\/\/yukoshinzendojo.com\/vi\/#website","url":"https:\/\/yukoshinzendojo.com\/vi\/","name":"Ikicenter","description":"R\u00e8n luy\u1ec7n tinh th\u1ea7n, ch\u1eafp c\u00e1nh \u0111am m\u00ea","potentialAction":[{"@type":"SearchAction","target":{"@type":"EntryPoint","urlTemplate":"https:\/\/yukoshinzendojo.com\/vi\/?s={search_term_string}"},"query-input":{"@type":"PropertyValueSpecification","valueRequired":true,"valueName":"search_term_string"}}],"inLanguage":"vi-VN"}]}},"_links":{"self":[{"href":"https:\/\/yukoshinzendojo.com\/vi\/wp-json\/wp\/v2\/pages\/32891","targetHints":{"allow":["GET"]}}],"collection":[{"href":"https:\/\/yukoshinzendojo.com\/vi\/wp-json\/wp\/v2\/pages"}],"about":[{"href":"https:\/\/yukoshinzendojo.com\/vi\/wp-json\/wp\/v2\/types\/page"}],"author":[{"embeddable":true,"href":"https:\/\/yukoshinzendojo.com\/vi\/wp-json\/wp\/v2\/users\/1"}],"replies":[{"embeddable":true,"href":"https:\/\/yukoshinzendojo.com\/vi\/wp-json\/wp\/v2\/comments?post=32891"}],"version-history":[{"count":3,"href":"https:\/\/yukoshinzendojo.com\/vi\/wp-json\/wp\/v2\/pages\/32891\/revisions"}],"predecessor-version":[{"id":32894,"href":"https:\/\/yukoshinzendojo.com\/vi\/wp-json\/wp\/v2\/pages\/32891\/revisions\/32894"}],"wp:attachment":[{"href":"https:\/\/yukoshinzendojo.com\/vi\/wp-json\/wp\/v2\/media?parent=32891"}],"curies":[{"name":"wp","href":"https:\/\/api.w.org\/{rel}","templated":true}]}}