{"id":32817,"date":"2026-04-19T22:21:50","date_gmt":"2026-04-19T15:21:50","guid":{"rendered":"https:\/\/yukoshinzendojo.com\/su-kien-hoi-thao\/"},"modified":"2026-04-20T13:16:30","modified_gmt":"2026-04-20T06:16:30","slug":"su-kien-hoi-thao","status":"publish","type":"page","link":"https:\/\/yukoshinzendojo.com\/vi\/su-kien-hoi-thao\/","title":{"rendered":"S\u1ef1 ki\u1ec7n &amp; H\u1ed9i Th\u1ea3o"},"content":{"rendered":"\t\t<div data-elementor-type=\"wp-page\" data-elementor-id=\"32817\" class=\"elementor elementor-32817 elementor-32774\" data-elementor-post-type=\"page\">\n\t\t\t\t<div class=\"elementor-element elementor-element-39d4f124 e-flex e-con-boxed e-con e-parent\" data-id=\"39d4f124\" data-element_type=\"container\" data-e-type=\"container\" data-settings=\"{&quot;background_background&quot;:&quot;classic&quot;,&quot;shape_divider_bottom&quot;:&quot;mountains&quot;}\">\n\t\t\t\t\t<div class=\"e-con-inner\">\n\t\t\t\t<div class=\"elementor-shape elementor-shape-bottom\" aria-hidden=\"true\" data-negative=\"false\">\n\t\t\t<svg xmlns=\"http:\/\/www.w3.org\/2000\/svg\" viewBox=\"0 0 1000 100\" preserveAspectRatio=\"none\">\n\t<path class=\"elementor-shape-fill\" opacity=\"0.33\" d=\"M473,67.3c-203.9,88.3-263.1-34-320.3,0C66,119.1,0,59.7,0,59.7V0h1000v59.7 c0,0-62.1,26.1-94.9,29.3c-32.8,3.3-62.8-12.3-75.8-22.1C806,49.6,745.3,8.7,694.9,4.7S492.4,59,473,67.3z\"\/>\n\t<path class=\"elementor-shape-fill\" opacity=\"0.66\" d=\"M734,67.3c-45.5,0-77.2-23.2-129.1-39.1c-28.6-8.7-150.3-10.1-254,39.1 s-91.7-34.4-149.2,0C115.7,118.3,0,39.8,0,39.8V0h1000v36.5c0,0-28.2-18.5-92.1-18.5C810.2,18.1,775.7,67.3,734,67.3z\"\/>\n\t<path class=\"elementor-shape-fill\" d=\"M766.1,28.9c-200-57.5-266,65.5-395.1,19.5C242,1.8,242,5.4,184.8,20.6C128,35.8,132.3,44.9,89.9,52.5C28.6,63.7,0,0,0,0 h1000c0,0-9.9,40.9-83.6,48.1S829.6,47,766.1,28.9z\"\/>\n<\/svg>\t\t<\/div>\n\t\t\t\t<div class=\"elementor-element elementor-element-36edc0f2 elementor-widget elementor-widget-heading\" data-id=\"36edc0f2\" data-element_type=\"widget\" data-e-type=\"widget\" data-widget_type=\"heading.default\">\n\t\t\t\t<div class=\"elementor-widget-container\">\n\t\t\t\t\t<h1 class=\"elementor-heading-title elementor-size-default\">S\u1ef1 ki\u1ec7n &amp; H\u1ed9i Th\u1ea3o<\/h1>\t\t\t\t<\/div>\n\t\t\t\t<\/div>\n\t\t\t\t\t<\/div>\n\t\t\t\t<\/div>\n\t\t<div class=\"elementor-element elementor-element-f7d86a7 e-flex e-con-boxed e-con e-parent\" data-id=\"f7d86a7\" data-element_type=\"container\" data-e-type=\"container\">\n\t\t\t\t\t<div class=\"e-con-inner\">\n\t\t<div class=\"elementor-element elementor-element-155ce0c e-con-full e-flex e-con e-child\" data-id=\"155ce0c\" data-element_type=\"container\" data-e-type=\"container\">\n\t\t<div class=\"elementor-element elementor-element-b5c56e1 e-con-full e-flex e-con e-child\" data-id=\"b5c56e1\" data-element_type=\"container\" data-e-type=\"container\" data-settings=\"{&quot;background_background&quot;:&quot;classic&quot;}\">\n\t\t\t\t<div class=\"elementor-element elementor-element-9767150 e-transform e-transform elementor-widget elementor-widget-image\" data-id=\"9767150\" data-element_type=\"widget\" data-e-type=\"widget\" data-settings=\"{&quot;motion_fx_motion_fx_scrolling&quot;:&quot;yes&quot;,&quot;motion_fx_opacity_effect&quot;:&quot;yes&quot;,&quot;motion_fx_opacity_level&quot;:{&quot;unit&quot;:&quot;px&quot;,&quot;size&quot;:5,&quot;sizes&quot;:[]},&quot;_transform_translateY_effect_hover&quot;:{&quot;unit&quot;:&quot;px&quot;,&quot;size&quot;:-6,&quot;sizes&quot;:[]},&quot;_transform_scale_effect_hover&quot;:{&quot;unit&quot;:&quot;px&quot;,&quot;size&quot;:1.02,&quot;sizes&quot;:[]},&quot;motion_fx_opacity_direction&quot;:&quot;out-in&quot;,&quot;motion_fx_opacity_range&quot;:{&quot;unit&quot;:&quot;%&quot;,&quot;size&quot;:&quot;&quot;,&quot;sizes&quot;:{&quot;start&quot;:20,&quot;end&quot;:80}},&quot;motion_fx_devices&quot;:[&quot;desktop&quot;,&quot;tablet&quot;,&quot;mobile&quot;],&quot;_transform_translateX_effect_hover&quot;:{&quot;unit&quot;:&quot;px&quot;,&quot;size&quot;:&quot;&quot;,&quot;sizes&quot;:[]},&quot;_transform_translateX_effect_hover_tablet&quot;:{&quot;unit&quot;:&quot;px&quot;,&quot;size&quot;:&quot;&quot;,&quot;sizes&quot;:[]},&quot;_transform_translateX_effect_hover_mobile&quot;:{&quot;unit&quot;:&quot;px&quot;,&quot;size&quot;:&quot;&quot;,&quot;sizes&quot;:[]},&quot;_transform_translateY_effect_hover_tablet&quot;:{&quot;unit&quot;:&quot;px&quot;,&quot;size&quot;:&quot;&quot;,&quot;sizes&quot;:[]},&quot;_transform_translateY_effect_hover_mobile&quot;:{&quot;unit&quot;:&quot;px&quot;,&quot;size&quot;:&quot;&quot;,&quot;sizes&quot;:[]},&quot;_transform_scale_effect_hover_tablet&quot;:{&quot;unit&quot;:&quot;px&quot;,&quot;size&quot;:&quot;&quot;,&quot;sizes&quot;:[]},&quot;_transform_scale_effect_hover_mobile&quot;:{&quot;unit&quot;:&quot;px&quot;,&quot;size&quot;:&quot;&quot;,&quot;sizes&quot;:[]}}\" data-widget_type=\"image.default\">\n\t\t\t\t<div class=\"elementor-widget-container\">\n\t\t\t\t\t\t\t\t\t\t\t\t\t\t\t<img fetchpriority=\"high\" decoding=\"async\" width=\"800\" height=\"534\" src=\"https:\/\/yukoshinzendojo.com\/wp-content\/uploads\/2025\/06\/TQ3L0400-1024x683.jpg\" class=\"attachment-large size-large wp-image-25773\" alt=\"\" srcset=\"https:\/\/yukoshinzendojo.com\/wp-content\/uploads\/2025\/06\/TQ3L0400-1024x683.jpg 1024w, https:\/\/yukoshinzendojo.com\/wp-content\/uploads\/2025\/06\/TQ3L0400-300x200.jpg 300w, https:\/\/yukoshinzendojo.com\/wp-content\/uploads\/2025\/06\/TQ3L0400-768x512.jpg 768w, https:\/\/yukoshinzendojo.com\/wp-content\/uploads\/2025\/06\/TQ3L0400-391x260.jpg 391w, https:\/\/yukoshinzendojo.com\/wp-content\/uploads\/2025\/06\/TQ3L0400-1536x1024.jpg 1536w, https:\/\/yukoshinzendojo.com\/wp-content\/uploads\/2025\/06\/TQ3L0400-2048x1365.jpg 2048w\" sizes=\"(max-width: 800px) 100vw, 800px\" \/>\t\t\t\t\t\t\t\t\t\t\t\t\t\t\t<\/div>\n\t\t\t\t<\/div>\n\t\t\t\t<div class=\"elementor-element elementor-element-de2f147 elementor-widget elementor-widget-heading\" data-id=\"de2f147\" data-element_type=\"widget\" data-e-type=\"widget\" data-widget_type=\"heading.default\">\n\t\t\t\t<div class=\"elementor-widget-container\">\n\t\t\t\t\t<h4 class=\"elementor-heading-title elementor-size-default\">H\u1ed9i th\u1ea3o s\u1eafp di\u1ec5n ra<\/h4>\t\t\t\t<\/div>\n\t\t\t\t<\/div>\n\t\t\t\t<\/div>\n\t\t\t\t<\/div>\n\t\t<div class=\"elementor-element elementor-element-11e04a2 e-con-full e-flex e-con e-child\" data-id=\"11e04a2\" data-element_type=\"container\" data-e-type=\"container\">\n\t\t<div class=\"elementor-element elementor-element-61839be e-con-full e-flex e-con e-child\" data-id=\"61839be\" data-element_type=\"container\" data-e-type=\"container\" data-settings=\"{&quot;background_background&quot;:&quot;classic&quot;}\">\n\t\t\t\t<div class=\"elementor-element elementor-element-257b17c e-transform e-transform elementor-widget elementor-widget-image\" data-id=\"257b17c\" data-element_type=\"widget\" data-e-type=\"widget\" data-settings=\"{&quot;motion_fx_motion_fx_scrolling&quot;:&quot;yes&quot;,&quot;motion_fx_opacity_effect&quot;:&quot;yes&quot;,&quot;motion_fx_opacity_level&quot;:{&quot;unit&quot;:&quot;px&quot;,&quot;size&quot;:5,&quot;sizes&quot;:[]},&quot;_transform_translateY_effect_hover&quot;:{&quot;unit&quot;:&quot;px&quot;,&quot;size&quot;:-6,&quot;sizes&quot;:[]},&quot;_transform_scale_effect_hover&quot;:{&quot;unit&quot;:&quot;px&quot;,&quot;size&quot;:1.02,&quot;sizes&quot;:[]},&quot;motion_fx_opacity_direction&quot;:&quot;out-in&quot;,&quot;motion_fx_opacity_range&quot;:{&quot;unit&quot;:&quot;%&quot;,&quot;size&quot;:&quot;&quot;,&quot;sizes&quot;:{&quot;start&quot;:20,&quot;end&quot;:80}},&quot;motion_fx_devices&quot;:[&quot;desktop&quot;,&quot;tablet&quot;,&quot;mobile&quot;],&quot;_transform_translateX_effect_hover&quot;:{&quot;unit&quot;:&quot;px&quot;,&quot;size&quot;:&quot;&quot;,&quot;sizes&quot;:[]},&quot;_transform_translateX_effect_hover_tablet&quot;:{&quot;unit&quot;:&quot;px&quot;,&quot;size&quot;:&quot;&quot;,&quot;sizes&quot;:[]},&quot;_transform_translateX_effect_hover_mobile&quot;:{&quot;unit&quot;:&quot;px&quot;,&quot;size&quot;:&quot;&quot;,&quot;sizes&quot;:[]},&quot;_transform_translateY_effect_hover_tablet&quot;:{&quot;unit&quot;:&quot;px&quot;,&quot;size&quot;:&quot;&quot;,&quot;sizes&quot;:[]},&quot;_transform_translateY_effect_hover_mobile&quot;:{&quot;unit&quot;:&quot;px&quot;,&quot;size&quot;:&quot;&quot;,&quot;sizes&quot;:[]},&quot;_transform_scale_effect_hover_tablet&quot;:{&quot;unit&quot;:&quot;px&quot;,&quot;size&quot;:&quot;&quot;,&quot;sizes&quot;:[]},&quot;_transform_scale_effect_hover_mobile&quot;:{&quot;unit&quot;:&quot;px&quot;,&quot;size&quot;:&quot;&quot;,&quot;sizes&quot;:[]}}\" data-widget_type=\"image.default\">\n\t\t\t\t<div class=\"elementor-widget-container\">\n\t\t\t\t\t\t\t\t\t\t\t\t\t\t\t\t<a href=\"https:\/\/yukoshinzendojo.com\/vi\/ky-thi-kyu-thang-cap\/\">\n\t\t\t\t\t\t\t<img decoding=\"async\" width=\"800\" height=\"534\" src=\"https:\/\/yukoshinzendojo.com\/wp-content\/uploads\/2026\/04\/Promotions-1024x683.jpg\" class=\"attachment-large size-large wp-image-32991\" alt=\"\" srcset=\"https:\/\/yukoshinzendojo.com\/wp-content\/uploads\/2026\/04\/Promotions-1024x683.jpg 1024w, https:\/\/yukoshinzendojo.com\/wp-content\/uploads\/2026\/04\/Promotions-300x200.jpg 300w, https:\/\/yukoshinzendojo.com\/wp-content\/uploads\/2026\/04\/Promotions-768x512.jpg 768w, https:\/\/yukoshinzendojo.com\/wp-content\/uploads\/2026\/04\/Promotions-1536x1024.jpg 1536w, https:\/\/yukoshinzendojo.com\/wp-content\/uploads\/2026\/04\/Promotions-2048x1365.jpg 2048w\" sizes=\"(max-width: 800px) 100vw, 800px\" \/>\t\t\t\t\t\t\t\t<\/a>\n\t\t\t\t\t\t\t\t\t\t\t\t\t\t\t<\/div>\n\t\t\t\t<\/div>\n\t\t\t\t<div class=\"elementor-element elementor-element-ddf39f2 elementor-widget elementor-widget-heading\" data-id=\"ddf39f2\" data-element_type=\"widget\" data-e-type=\"widget\" data-widget_type=\"heading.default\">\n\t\t\t\t<div class=\"elementor-widget-container\">\n\t\t\t\t\t<h4 class=\"elementor-heading-title elementor-size-default\"><a href=\"https:\/\/yukoshinzendojo.com\/vi\/ky-thi-kyu-thang-cap\/\">K\u1ef3 thi Kyu &amp; Th\u0103ng c\u1ea5p<\/a><\/h4>\t\t\t\t<\/div>\n\t\t\t\t<\/div>\n\t\t\t\t<\/div>\n\t\t\t\t<\/div>\n\t\t<div class=\"elementor-element elementor-element-9dbcf91 e-con-full e-flex e-con e-child\" data-id=\"9dbcf91\" data-element_type=\"container\" data-e-type=\"container\">\n\t\t<div class=\"elementor-element elementor-element-41223b8 e-con-full e-flex e-con e-child\" data-id=\"41223b8\" data-element_type=\"container\" data-e-type=\"container\" data-settings=\"{&quot;background_background&quot;:&quot;classic&quot;}\">\n\t\t\t\t<div class=\"elementor-element elementor-element-d6f5374 e-transform e-transform elementor-widget elementor-widget-image\" data-id=\"d6f5374\" data-element_type=\"widget\" data-e-type=\"widget\" data-settings=\"{&quot;motion_fx_motion_fx_scrolling&quot;:&quot;yes&quot;,&quot;motion_fx_opacity_effect&quot;:&quot;yes&quot;,&quot;motion_fx_opacity_level&quot;:{&quot;unit&quot;:&quot;px&quot;,&quot;size&quot;:5,&quot;sizes&quot;:[]},&quot;_transform_translateY_effect_hover&quot;:{&quot;unit&quot;:&quot;px&quot;,&quot;size&quot;:-6,&quot;sizes&quot;:[]},&quot;_transform_scale_effect_hover&quot;:{&quot;unit&quot;:&quot;px&quot;,&quot;size&quot;:1.02,&quot;sizes&quot;:[]},&quot;motion_fx_opacity_direction&quot;:&quot;out-in&quot;,&quot;motion_fx_opacity_range&quot;:{&quot;unit&quot;:&quot;%&quot;,&quot;size&quot;:&quot;&quot;,&quot;sizes&quot;:{&quot;start&quot;:20,&quot;end&quot;:80}},&quot;motion_fx_devices&quot;:[&quot;desktop&quot;,&quot;tablet&quot;,&quot;mobile&quot;],&quot;_transform_translateX_effect_hover&quot;:{&quot;unit&quot;:&quot;px&quot;,&quot;size&quot;:&quot;&quot;,&quot;sizes&quot;:[]},&quot;_transform_translateX_effect_hover_tablet&quot;:{&quot;unit&quot;:&quot;px&quot;,&quot;size&quot;:&quot;&quot;,&quot;sizes&quot;:[]},&quot;_transform_translateX_effect_hover_mobile&quot;:{&quot;unit&quot;:&quot;px&quot;,&quot;size&quot;:&quot;&quot;,&quot;sizes&quot;:[]},&quot;_transform_translateY_effect_hover_tablet&quot;:{&quot;unit&quot;:&quot;px&quot;,&quot;size&quot;:&quot;&quot;,&quot;sizes&quot;:[]},&quot;_transform_translateY_effect_hover_mobile&quot;:{&quot;unit&quot;:&quot;px&quot;,&quot;size&quot;:&quot;&quot;,&quot;sizes&quot;:[]},&quot;_transform_scale_effect_hover_tablet&quot;:{&quot;unit&quot;:&quot;px&quot;,&quot;size&quot;:&quot;&quot;,&quot;sizes&quot;:[]},&quot;_transform_scale_effect_hover_mobile&quot;:{&quot;unit&quot;:&quot;px&quot;,&quot;size&quot;:&quot;&quot;,&quot;sizes&quot;:[]}}\" data-widget_type=\"image.default\">\n\t\t\t\t<div class=\"elementor-widget-container\">\n\t\t\t\t\t\t\t\t\t\t\t\t\t\t\t\t<a href=\"https:\/\/yukoshinzendojo.com\/vi\/khoanh-khac-seminar\/\">\n\t\t\t\t\t\t\t<img decoding=\"async\" width=\"800\" height=\"534\" src=\"https:\/\/yukoshinzendojo.com\/wp-content\/uploads\/2025\/06\/TQ3L0412-1024x683.jpg\" class=\"attachment-large size-large wp-image-27035\" alt=\"\" srcset=\"https:\/\/yukoshinzendojo.com\/wp-content\/uploads\/2025\/06\/TQ3L0412-1024x683.jpg 1024w, https:\/\/yukoshinzendojo.com\/wp-content\/uploads\/2025\/06\/TQ3L0412-300x200.jpg 300w, https:\/\/yukoshinzendojo.com\/wp-content\/uploads\/2025\/06\/TQ3L0412-768x512.jpg 768w, https:\/\/yukoshinzendojo.com\/wp-content\/uploads\/2025\/06\/TQ3L0412-391x260.jpg 391w, https:\/\/yukoshinzendojo.com\/wp-content\/uploads\/2025\/06\/TQ3L0412-1536x1024.jpg 1536w, https:\/\/yukoshinzendojo.com\/wp-content\/uploads\/2025\/06\/TQ3L0412-2048x1365.jpg 2048w\" sizes=\"(max-width: 800px) 100vw, 800px\" \/>\t\t\t\t\t\t\t\t<\/a>\n\t\t\t\t\t\t\t\t\t\t\t\t\t\t\t<\/div>\n\t\t\t\t<\/div>\n\t\t\t\t<div class=\"elementor-element elementor-element-37cd82c elementor-widget elementor-widget-heading\" data-id=\"37cd82c\" data-element_type=\"widget\" data-e-type=\"widget\" data-widget_type=\"heading.default\">\n\t\t\t\t<div class=\"elementor-widget-container\">\n\t\t\t\t\t<h4 class=\"elementor-heading-title elementor-size-default\"><a href=\"https:\/\/yukoshinzendojo.com\/vi\/khoanh-khac-seminar\/\">Kho\u1ea3nh kh\u1eafc Seminar<\/a><\/h4>\t\t\t\t<\/div>\n\t\t\t\t<\/div>\n\t\t\t\t<\/div>\n\t\t\t\t<\/div>\n\t\t<div class=\"elementor-element elementor-element-b6b1f3c e-con-full e-flex e-con e-child\" data-id=\"b6b1f3c\" data-element_type=\"container\" data-e-type=\"container\">\n\t\t<div class=\"elementor-element elementor-element-583bedf e-con-full e-flex e-con e-child\" data-id=\"583bedf\" data-element_type=\"container\" data-e-type=\"container\" data-settings=\"{&quot;background_background&quot;:&quot;classic&quot;}\">\n\t\t\t\t<div class=\"elementor-element elementor-element-b74d88f e-transform e-transform elementor-widget elementor-widget-image\" data-id=\"b74d88f\" data-element_type=\"widget\" data-e-type=\"widget\" data-settings=\"{&quot;motion_fx_motion_fx_scrolling&quot;:&quot;yes&quot;,&quot;motion_fx_opacity_effect&quot;:&quot;yes&quot;,&quot;motion_fx_opacity_level&quot;:{&quot;unit&quot;:&quot;px&quot;,&quot;size&quot;:5,&quot;sizes&quot;:[]},&quot;_transform_translateY_effect_hover&quot;:{&quot;unit&quot;:&quot;px&quot;,&quot;size&quot;:-6,&quot;sizes&quot;:[]},&quot;_transform_scale_effect_hover&quot;:{&quot;unit&quot;:&quot;px&quot;,&quot;size&quot;:1.02,&quot;sizes&quot;:[]},&quot;motion_fx_opacity_direction&quot;:&quot;out-in&quot;,&quot;motion_fx_opacity_range&quot;:{&quot;unit&quot;:&quot;%&quot;,&quot;size&quot;:&quot;&quot;,&quot;sizes&quot;:{&quot;start&quot;:20,&quot;end&quot;:80}},&quot;motion_fx_devices&quot;:[&quot;desktop&quot;,&quot;tablet&quot;,&quot;mobile&quot;],&quot;_transform_translateX_effect_hover&quot;:{&quot;unit&quot;:&quot;px&quot;,&quot;size&quot;:&quot;&quot;,&quot;sizes&quot;:[]},&quot;_transform_translateX_effect_hover_tablet&quot;:{&quot;unit&quot;:&quot;px&quot;,&quot;size&quot;:&quot;&quot;,&quot;sizes&quot;:[]},&quot;_transform_translateX_effect_hover_mobile&quot;:{&quot;unit&quot;:&quot;px&quot;,&quot;size&quot;:&quot;&quot;,&quot;sizes&quot;:[]},&quot;_transform_translateY_effect_hover_tablet&quot;:{&quot;unit&quot;:&quot;px&quot;,&quot;size&quot;:&quot;&quot;,&quot;sizes&quot;:[]},&quot;_transform_translateY_effect_hover_mobile&quot;:{&quot;unit&quot;:&quot;px&quot;,&quot;size&quot;:&quot;&quot;,&quot;sizes&quot;:[]},&quot;_transform_scale_effect_hover_tablet&quot;:{&quot;unit&quot;:&quot;px&quot;,&quot;size&quot;:&quot;&quot;,&quot;sizes&quot;:[]},&quot;_transform_scale_effect_hover_mobile&quot;:{&quot;unit&quot;:&quot;px&quot;,&quot;size&quot;:&quot;&quot;,&quot;sizes&quot;:[]}}\" data-widget_type=\"image.default\">\n\t\t\t\t<div class=\"elementor-widget-container\">\n\t\t\t\t\t\t\t\t\t\t\t\t\t\t\t<img loading=\"lazy\" decoding=\"async\" width=\"800\" height=\"547\" src=\"https:\/\/yukoshinzendojo.com\/wp-content\/uploads\/2026\/04\/Nasu-temple-2-1-1024x700.jpg\" class=\"attachment-large size-large wp-image-33010\" alt=\"\" srcset=\"https:\/\/yukoshinzendojo.com\/wp-content\/uploads\/2026\/04\/Nasu-temple-2-1-1024x700.jpg 1024w, https:\/\/yukoshinzendojo.com\/wp-content\/uploads\/2026\/04\/Nasu-temple-2-1-300x205.jpg 300w, https:\/\/yukoshinzendojo.com\/wp-content\/uploads\/2026\/04\/Nasu-temple-2-1-768x525.jpg 768w, https:\/\/yukoshinzendojo.com\/wp-content\/uploads\/2026\/04\/Nasu-temple-2-1-1536x1050.jpg 1536w, https:\/\/yukoshinzendojo.com\/wp-content\/uploads\/2026\/04\/Nasu-temple-2-1-2048x1399.jpg 2048w\" sizes=\"(max-width: 800px) 100vw, 800px\" \/>\t\t\t\t\t\t\t\t\t\t\t\t\t\t\t<\/div>\n\t\t\t\t<\/div>\n\t\t\t\t<div class=\"elementor-element elementor-element-70bab21 elementor-widget elementor-widget-heading\" data-id=\"70bab21\" data-element_type=\"widget\" data-e-type=\"widget\" data-widget_type=\"heading.default\">\n\t\t\t\t<div class=\"elementor-widget-container\">\n\t\t\t\t\t<h4 class=\"elementor-heading-title elementor-size-default\">S\u1ef1 Ki\u1ec7n \u0110\u1eb7c Bi\u1ec7t<\/h4>\t\t\t\t<\/div>\n\t\t\t\t<\/div>\n\t\t\t\t<\/div>\n\t\t\t\t<\/div>\n\t\t\t\t\t<\/div>\n\t\t\t\t<\/div>\n\t\t\t\t<\/div>\n\t\t","protected":false},"excerpt":{"rendered":"<p>S\u1ef1 ki\u1ec7n &amp; H\u1ed9i Th\u1ea3o H\u1ed9i th\u1ea3o s\u1eafp di\u1ec5n ra K\u1ef3 thi Kyu &amp; Th\u0103ng c\u1ea5p Kho\u1ea3nh kh\u1eafc Seminar S\u1ef1 Ki\u1ec7n \u0110\u1eb7c Bi\u1ec7t<\/p>\n","protected":false},"author":1,"featured_media":0,"parent":0,"menu_order":0,"comment_status":"closed","ping_status":"closed","template":"","meta":{"_acf_changed":false,"footnotes":""},"class_list":["post-32817","page","type-page","status-publish","hentry"],"acf":[],"yoast_head":"<!-- This site is optimized with the Yoast SEO plugin v27.4 - https:\/\/yoast.com\/product\/yoast-seo-wordpress\/ -->\n<title>S\u1ef1 ki\u1ec7n &amp; H\u1ed9i Th\u1ea3o - iKiCenter<\/title>\n<meta name=\"robots\" content=\"index, follow, max-snippet:-1, max-image-preview:large, max-video-preview:-1\" \/>\n<link rel=\"canonical\" href=\"https:\/\/yukoshinzendojo.com\/vi\/su-kien-hoi-thao\/\" \/>\n<meta property=\"og:locale\" content=\"vi_VN\" \/>\n<meta property=\"og:type\" content=\"article\" \/>\n<meta property=\"og:title\" content=\"S\u1ef1 ki\u1ec7n &amp; H\u1ed9i Th\u1ea3o - iKiCenter\" \/>\n<meta property=\"og:description\" content=\"S\u1ef1 ki\u1ec7n &amp; H\u1ed9i Th\u1ea3o H\u1ed9i th\u1ea3o s\u1eafp di\u1ec5n ra K\u1ef3 thi Kyu &amp; Th\u0103ng c\u1ea5p Kho\u1ea3nh kh\u1eafc Seminar S\u1ef1 Ki\u1ec7n \u0110\u1eb7c Bi\u1ec7t\" \/>\n<meta property=\"og:url\" content=\"https:\/\/yukoshinzendojo.com\/vi\/su-kien-hoi-thao\/\" \/>\n<meta property=\"og:site_name\" content=\"iKiCenter\" \/>\n<meta property=\"article:publisher\" content=\"https:\/\/www.facebook.com\/iKiCenter\" \/>\n<meta property=\"article:modified_time\" content=\"2026-04-20T06:16:30+00:00\" \/>\n<meta property=\"og:image\" content=\"https:\/\/yukoshinzendojo.com\/wp-content\/uploads\/2025\/06\/TQ3L0400-scaled.webp\" \/>\n\t<meta property=\"og:image:width\" content=\"1920\" \/>\n\t<meta property=\"og:image:height\" content=\"1280\" \/>\n\t<meta property=\"og:image:type\" content=\"image\/webp\" \/>\n<meta name=\"twitter:card\" content=\"summary_large_image\" \/>\n<script type=\"application\/ld+json\" class=\"yoast-schema-graph\">{\"@context\":\"https:\\\/\\\/schema.org\",\"@graph\":[{\"@type\":\"WebPage\",\"@id\":\"https:\\\/\\\/yukoshinzendojo.com\\\/vi\\\/su-kien-hoi-thao\\\/\",\"url\":\"https:\\\/\\\/yukoshinzendojo.com\\\/vi\\\/su-kien-hoi-thao\\\/\",\"name\":\"S\u1ef1 ki\u1ec7n &amp; H\u1ed9i Th\u1ea3o - iKiCenter\",\"isPartOf\":{\"@id\":\"https:\\\/\\\/yukoshinzendojo.com\\\/vi\\\/#website\"},\"primaryImageOfPage\":{\"@id\":\"https:\\\/\\\/yukoshinzendojo.com\\\/vi\\\/su-kien-hoi-thao\\\/#primaryimage\"},\"image\":{\"@id\":\"https:\\\/\\\/yukoshinzendojo.com\\\/vi\\\/su-kien-hoi-thao\\\/#primaryimage\"},\"thumbnailUrl\":\"https:\\\/\\\/yukoshinzendojo.com\\\/wp-content\\\/uploads\\\/2025\\\/06\\\/TQ3L0400-1024x683.webp\",\"datePublished\":\"2026-04-19T15:21:50+00:00\",\"dateModified\":\"2026-04-20T06:16:30+00:00\",\"breadcrumb\":{\"@id\":\"https:\\\/\\\/yukoshinzendojo.com\\\/vi\\\/su-kien-hoi-thao\\\/#breadcrumb\"},\"inLanguage\":\"vi-VN\",\"potentialAction\":[{\"@type\":\"ReadAction\",\"target\":[\"https:\\\/\\\/yukoshinzendojo.com\\\/vi\\\/su-kien-hoi-thao\\\/\"]}]},{\"@type\":\"ImageObject\",\"inLanguage\":\"vi-VN\",\"@id\":\"https:\\\/\\\/yukoshinzendojo.com\\\/vi\\\/su-kien-hoi-thao\\\/#primaryimage\",\"url\":\"https:\\\/\\\/yukoshinzendojo.com\\\/wp-content\\\/uploads\\\/2025\\\/06\\\/TQ3L0400-1024x683.webp\",\"contentUrl\":\"https:\\\/\\\/yukoshinzendojo.com\\\/wp-content\\\/uploads\\\/2025\\\/06\\\/TQ3L0400-1024x683.webp\"},{\"@type\":\"BreadcrumbList\",\"@id\":\"https:\\\/\\\/yukoshinzendojo.com\\\/vi\\\/su-kien-hoi-thao\\\/#breadcrumb\",\"itemListElement\":[{\"@type\":\"ListItem\",\"position\":1,\"name\":\"Home\",\"item\":\"https:\\\/\\\/yukoshinzendojo.com\\\/vi\\\/aikido-taekwondo-quan-7-tp-hcm-iki-center\\\/\"},{\"@type\":\"ListItem\",\"position\":2,\"name\":\"S\u1ef1 ki\u1ec7n &amp; H\u1ed9i Th\u1ea3o\"}]},{\"@type\":\"WebSite\",\"@id\":\"https:\\\/\\\/yukoshinzendojo.com\\\/vi\\\/#website\",\"url\":\"https:\\\/\\\/yukoshinzendojo.com\\\/vi\\\/\",\"name\":\"Ikicenter\",\"description\":\"R\u00e8n luy\u1ec7n tinh th\u1ea7n, ch\u1eafp c\u00e1nh \u0111am m\u00ea\",\"potentialAction\":[{\"@type\":\"SearchAction\",\"target\":{\"@type\":\"EntryPoint\",\"urlTemplate\":\"https:\\\/\\\/yukoshinzendojo.com\\\/vi\\\/?s={search_term_string}\"},\"query-input\":{\"@type\":\"PropertyValueSpecification\",\"valueRequired\":true,\"valueName\":\"search_term_string\"}}],\"inLanguage\":\"vi-VN\"}]}<\/script>\n<!-- \/ Yoast SEO plugin. -->","yoast_head_json":{"title":"S\u1ef1 ki\u1ec7n &amp; H\u1ed9i Th\u1ea3o - iKiCenter","robots":{"index":"index","follow":"follow","max-snippet":"max-snippet:-1","max-image-preview":"max-image-preview:large","max-video-preview":"max-video-preview:-1"},"canonical":"https:\/\/yukoshinzendojo.com\/vi\/su-kien-hoi-thao\/","og_locale":"vi_VN","og_type":"article","og_title":"S\u1ef1 ki\u1ec7n &amp; H\u1ed9i Th\u1ea3o - iKiCenter","og_description":"S\u1ef1 ki\u1ec7n &amp; H\u1ed9i Th\u1ea3o H\u1ed9i th\u1ea3o s\u1eafp di\u1ec5n ra K\u1ef3 thi Kyu &amp; Th\u0103ng c\u1ea5p Kho\u1ea3nh kh\u1eafc Seminar S\u1ef1 Ki\u1ec7n \u0110\u1eb7c Bi\u1ec7t","og_url":"https:\/\/yukoshinzendojo.com\/vi\/su-kien-hoi-thao\/","og_site_name":"iKiCenter","article_publisher":"https:\/\/www.facebook.com\/iKiCenter","article_modified_time":"2026-04-20T06:16:30+00:00","og_image":[{"width":1920,"height":1280,"url":"https:\/\/yukoshinzendojo.com\/wp-content\/uploads\/2025\/06\/TQ3L0400-scaled.webp","type":"image\/webp"}],"twitter_card":"summary_large_image","schema":{"@context":"https:\/\/schema.org","@graph":[{"@type":"WebPage","@id":"https:\/\/yukoshinzendojo.com\/vi\/su-kien-hoi-thao\/","url":"https:\/\/yukoshinzendojo.com\/vi\/su-kien-hoi-thao\/","name":"S\u1ef1 ki\u1ec7n &amp; H\u1ed9i Th\u1ea3o - iKiCenter","isPartOf":{"@id":"https:\/\/yukoshinzendojo.com\/vi\/#website"},"primaryImageOfPage":{"@id":"https:\/\/yukoshinzendojo.com\/vi\/su-kien-hoi-thao\/#primaryimage"},"image":{"@id":"https:\/\/yukoshinzendojo.com\/vi\/su-kien-hoi-thao\/#primaryimage"},"thumbnailUrl":"https:\/\/yukoshinzendojo.com\/wp-content\/uploads\/2025\/06\/TQ3L0400-1024x683.webp","datePublished":"2026-04-19T15:21:50+00:00","dateModified":"2026-04-20T06:16:30+00:00","breadcrumb":{"@id":"https:\/\/yukoshinzendojo.com\/vi\/su-kien-hoi-thao\/#breadcrumb"},"inLanguage":"vi-VN","potentialAction":[{"@type":"ReadAction","target":["https:\/\/yukoshinzendojo.com\/vi\/su-kien-hoi-thao\/"]}]},{"@type":"ImageObject","inLanguage":"vi-VN","@id":"https:\/\/yukoshinzendojo.com\/vi\/su-kien-hoi-thao\/#primaryimage","url":"https:\/\/yukoshinzendojo.com\/wp-content\/uploads\/2025\/06\/TQ3L0400-1024x683.webp","contentUrl":"https:\/\/yukoshinzendojo.com\/wp-content\/uploads\/2025\/06\/TQ3L0400-1024x683.webp"},{"@type":"BreadcrumbList","@id":"https:\/\/yukoshinzendojo.com\/vi\/su-kien-hoi-thao\/#breadcrumb","itemListElement":[{"@type":"ListItem","position":1,"name":"Home","item":"https:\/\/yukoshinzendojo.com\/vi\/aikido-taekwondo-quan-7-tp-hcm-iki-center\/"},{"@type":"ListItem","position":2,"name":"S\u1ef1 ki\u1ec7n &amp; H\u1ed9i Th\u1ea3o"}]},{"@type":"WebSite","@id":"https:\/\/yukoshinzendojo.com\/vi\/#website","url":"https:\/\/yukoshinzendojo.com\/vi\/","name":"Ikicenter","description":"R\u00e8n luy\u1ec7n tinh th\u1ea7n, ch\u1eafp c\u00e1nh \u0111am m\u00ea","potentialAction":[{"@type":"SearchAction","target":{"@type":"EntryPoint","urlTemplate":"https:\/\/yukoshinzendojo.com\/vi\/?s={search_term_string}"},"query-input":{"@type":"PropertyValueSpecification","valueRequired":true,"valueName":"search_term_string"}}],"inLanguage":"vi-VN"}]}},"_links":{"self":[{"href":"https:\/\/yukoshinzendojo.com\/vi\/wp-json\/wp\/v2\/pages\/32817","targetHints":{"allow":["GET"]}}],"collection":[{"href":"https:\/\/yukoshinzendojo.com\/vi\/wp-json\/wp\/v2\/pages"}],"about":[{"href":"https:\/\/yukoshinzendojo.com\/vi\/wp-json\/wp\/v2\/types\/page"}],"author":[{"embeddable":true,"href":"https:\/\/yukoshinzendojo.com\/vi\/wp-json\/wp\/v2\/users\/1"}],"replies":[{"embeddable":true,"href":"https:\/\/yukoshinzendojo.com\/vi\/wp-json\/wp\/v2\/comments?post=32817"}],"version-history":[{"count":2,"href":"https:\/\/yukoshinzendojo.com\/vi\/wp-json\/wp\/v2\/pages\/32817\/revisions"}],"predecessor-version":[{"id":33113,"href":"https:\/\/yukoshinzendojo.com\/vi\/wp-json\/wp\/v2\/pages\/32817\/revisions\/33113"}],"wp:attachment":[{"href":"https:\/\/yukoshinzendojo.com\/vi\/wp-json\/wp\/v2\/media?parent=32817"}],"curies":[{"name":"wp","href":"https:\/\/api.w.org\/{rel}","templated":true}]}}