{"id":11251,"date":"2025-02-15T18:08:59","date_gmt":"2025-02-15T11:08:59","guid":{"rendered":"https:\/\/yukoshinzendojo.com\/aikido\/aikido-cau-hoi-thuong-gap\/"},"modified":"2025-06-02T17:40:46","modified_gmt":"2025-06-02T10:40:46","slug":"aikido-cau-hoi-thuong-gap","status":"publish","type":"page","link":"https:\/\/yukoshinzendojo.com\/vi\/aikido\/aikido-cau-hoi-thuong-gap\/","title":{"rendered":"AIKIDO &#8211; C\u00e2u H\u1ecfi Th\u01b0\u1eddng G\u1eb7p"},"content":{"rendered":"\t\t<div data-elementor-type=\"wp-page\" data-elementor-id=\"11251\" class=\"elementor elementor-11251 elementor-307\" data-elementor-post-type=\"page\">\n\t\t\t\t\t\t<section class=\"elementor-section elementor-top-section elementor-element elementor-element-7fca35cf elementor-section-boxed elementor-section-height-default elementor-section-height-default\" data-id=\"7fca35cf\" data-element_type=\"section\" data-e-type=\"section\" data-settings=\"{&quot;background_background&quot;:&quot;classic&quot;,&quot;background_motion_fx_motion_fx_scrolling&quot;:&quot;yes&quot;,&quot;background_motion_fx_devices&quot;:[&quot;desktop&quot;,&quot;tablet&quot;,&quot;mobile&quot;]}\">\n\t\t\t\t\t\t\t<div class=\"elementor-background-overlay\"><\/div>\n\t\t\t\t\t\t\t<div class=\"elementor-container elementor-column-gap-default\">\n\t\t\t\t\t<div class=\"elementor-column elementor-col-100 elementor-top-column elementor-element elementor-element-5f40a9b\" data-id=\"5f40a9b\" data-element_type=\"column\" data-e-type=\"column\">\n\t\t\t<div class=\"elementor-widget-wrap elementor-element-populated\">\n\t\t\t\t\t\t<div class=\"elementor-element elementor-element-d2abaea elementor-widget elementor-widget-heading\" data-id=\"d2abaea\" data-element_type=\"widget\" data-e-type=\"widget\" data-widget_type=\"heading.default\">\n\t\t\t\t<div class=\"elementor-widget-container\">\n\t\t\t\t\t<h1 class=\"elementor-heading-title elementor-size-default\">AIKIDO<\/h1>\t\t\t\t<\/div>\n\t\t\t\t<\/div>\n\t\t\t\t<div class=\"elementor-element elementor-element-1681055 elementor-widget elementor-widget-text-editor\" data-id=\"1681055\" data-element_type=\"widget\" data-e-type=\"widget\" data-widget_type=\"text-editor.default\">\n\t\t\t\t<div class=\"elementor-widget-container\">\n\t\t\t\t\t\t\t\t\t<p>C\u00e2u h\u1ecfi th\u01b0\u1eddng g\u1eb7p<\/p>\t\t\t\t\t\t\t\t<\/div>\n\t\t\t\t<\/div>\n\t\t\t\t\t<\/div>\n\t\t<\/div>\n\t\t\t\t\t<\/div>\n\t\t<\/section>\n\t\t<div class=\"elementor-element elementor-element-a5953a2 e-flex e-con-boxed e-con e-parent\" data-id=\"a5953a2\" data-element_type=\"container\" data-e-type=\"container\">\n\t\t\t\t\t<div class=\"e-con-inner\">\n\t\t<div class=\"elementor-element elementor-element-f6dc55a e-con-full e-flex e-con e-child\" data-id=\"f6dc55a\" data-element_type=\"container\" data-e-type=\"container\">\n\t\t\t\t<div class=\"elementor-element elementor-element-576d634 elementor-widget elementor-widget-heading\" data-id=\"576d634\" data-element_type=\"widget\" data-e-type=\"widget\" data-widget_type=\"heading.default\">\n\t\t\t\t<div class=\"elementor-widget-container\">\n\t\t\t\t\t<h2 class=\"elementor-heading-title elementor-size-default\">C\u00e2u h\u1ecfi chung<\/h2>\t\t\t\t<\/div>\n\t\t\t\t<\/div>\n\t\t\t\t<div class=\"elementor-element elementor-element-82c199b elementor-widget elementor-widget-text-editor\" data-id=\"82c199b\" data-element_type=\"widget\" data-e-type=\"widget\" data-widget_type=\"text-editor.default\">\n\t\t\t\t<div class=\"elementor-widget-container\">\n\t\t\t\t\t\t\t\t\t<p>Aikido c\u00f3 th\u1ec3 kh\u00f3 hi\u1ec3u \u0111\u1ed1i v\u1edbi nh\u1eefng ng\u01b0\u1eddi hi\u1ec7n \u0111\u1ea1i. Nhi\u1ec1u ng\u01b0\u1eddi ch\u1ec9 c\u00f3 kinh nghi\u1ec7m v\u1edbi c\u00e1c m\u00f4n th\u1ec3 thao v\u00e0 tr\u00f2 ch\u01a1i nh\u1ea5n m\u1ea1nh v\u00e0o vi\u1ec7c r\u00e8n luy\u1ec7n th\u1ec3 ch\u1ea5t v\u00e0 k\u1ef9 thu\u1eadt thu\u1ea7n t\u00fay v\u00e0 c\u00e1c cu\u1ed9c thi c\u00f3 t\u1ed5 ch\u1ee9c \u0111\u00f2i h\u1ecfi s\u1ef1 ph\u00e2n bi\u1ec7t r\u00f5 r\u00e0ng gi\u1eefa ng\u01b0\u1eddi chi\u1ebfn th\u1eafng v\u00e0 k\u1ebb thua cu\u1ed9c. V\u00ec c\u00e1ch ti\u1ebfp c\u1eadn c\u1ee7a Aikido kh\u00f4ng gi\u1ed1ng nh\u01b0 v\u1eady, nh\u1eefng ng\u01b0\u1eddi m\u1edbi t\u1eadp luy\u1ec7n m\u00f4n v\u00f5 n\u00e0y th\u01b0\u1eddng b\u1ed1i r\u1ed1i. \u0110\u1ec3 Aikido d\u1ec5 ti\u1ebfp c\u1eadn h\u01a1n, ch\u00fang t\u00f4i s\u1ebd s\u1eed d\u1ee5ng ph\u01b0\u01a1ng ph\u00e1p h\u1ecfi v\u00e0 tr\u1ea3 l\u1eddi \u0111\u1ec3 gi\u1ea3i quy\u1ebft nh\u1eefng th\u1eafc m\u1eafc ph\u1ed5 bi\u1ebfn nh\u1ea5t. Nhi\u1ec1u c\u00e2u tr\u1ea3 l\u1eddi c\u00f3 th\u1ec3 g\u00e2y s\u1eedng s\u1ed1t l\u00fac \u0111\u1ea7u, nh\u01b0ng khi b\u1ea1n th\u1ef1c s\u1ef1 t\u1eadp luy\u1ec7n Aikido, b\u1ea1n s\u1ebd s\u1edbm h\u1ecdc \u0111\u01b0\u1ee3c c\u00e1ch \u0111\u00e1nh gi\u00e1 cao t\u00ednh c\u00e1ch \u0111\u1ed9c \u0111\u00e1o c\u1ee7a n\u00f3.    <\/p>\t\t\t\t\t\t\t\t<\/div>\n\t\t\t\t<\/div>\n\t\t\t\t<\/div>\n\t\t<div class=\"elementor-element elementor-element-e0a37b1 e-con-full e-flex e-con e-child\" data-id=\"e0a37b1\" data-element_type=\"container\" data-e-type=\"container\">\n\t\t\t\t<div class=\"elementor-element elementor-element-a6a564e elementor-widget elementor-widget-heading\" data-id=\"a6a564e\" data-element_type=\"widget\" data-e-type=\"widget\" data-widget_type=\"heading.default\">\n\t\t\t\t<div class=\"elementor-widget-container\">\n\t\t\t\t\t<h2 class=\"elementor-heading-title elementor-size-default\">C\u00e2u h\u1ecfi ph\u1ed5 bi\u1ebfn  <\/h2>\t\t\t\t<\/div>\n\t\t\t\t<\/div>\n\t\t\t\t<div class=\"elementor-element elementor-element-8ca9ada elementor-widget elementor-widget-text-editor\" data-id=\"8ca9ada\" data-element_type=\"widget\" data-e-type=\"widget\" data-widget_type=\"text-editor.default\">\n\t\t\t\t<div class=\"elementor-widget-container\">\n\t\t\t\t\t\t\t\t\t<p><strong data-start=\"256\" data-end=\"267\">Ngu\u1ed3n<\/strong>: <em data-start=\"268\" data-end=\"299\">Best Aikido &#8211; The Fundamentals<\/em> b\u1edfi <strong data-start=\"303\" data-end=\"344\">Kisshomaru Ueshiba &amp; Moriteru Ueshiba<\/strong>.<\/p>\t\t\t\t\t\t\t\t<\/div>\n\t\t\t\t<\/div>\n\t\t\t\t<\/div>\n\t\t\t\t\t<\/div>\n\t\t\t\t<\/div>\n\t\t<div class=\"elementor-element elementor-element-d16337d e-flex e-con-boxed e-con e-parent\" data-id=\"d16337d\" data-element_type=\"container\" data-e-type=\"container\" data-settings=\"{&quot;background_background&quot;:&quot;classic&quot;}\">\n\t\t\t\t\t<div class=\"e-con-inner\">\n\t\t<div class=\"elementor-element elementor-element-893410f e-con-full e-flex e-con e-child\" data-id=\"893410f\" data-element_type=\"container\" data-e-type=\"container\" data-settings=\"{&quot;background_background&quot;:&quot;classic&quot;}\">\n\t\t\t\t<div class=\"elementor-element elementor-element-fb40352 elementor-invisible elementor-widget elementor-widget-heading\" data-id=\"fb40352\" data-element_type=\"widget\" data-e-type=\"widget\" data-settings=\"{&quot;_animation&quot;:&quot;fadeInUp&quot;}\" data-widget_type=\"heading.default\">\n\t\t\t\t<div class=\"elementor-widget-container\">\n\t\t\t\t\t<h2 class=\"elementor-heading-title elementor-size-default\">Gi\u1edbi thi\u1ec7u v\u1ec1 Yuko Shinzen Dojo<\/h2>\t\t\t\t<\/div>\n\t\t\t\t<\/div>\n\t\t\t\t<div class=\"elementor-element elementor-element-f70d0e7 elementor-invisible elementor-widget elementor-widget-heading\" data-id=\"f70d0e7\" data-element_type=\"widget\" data-e-type=\"widget\" data-settings=\"{&quot;_animation&quot;:&quot;fadeInUp&quot;}\" data-widget_type=\"heading.default\">\n\t\t\t\t<div class=\"elementor-widget-container\">\n\t\t\t\t\t<h2 class=\"elementor-heading-title elementor-size-default\">N\u01a1i Truy\u1ec1n Th\u1ed1ng H\u00f2a Quy\u1ec7n C\u00f9ng \u0110am M\u00ea<\/h2>\t\t\t\t<\/div>\n\t\t\t\t<\/div>\n\t\t\t\t<div class=\"elementor-element elementor-element-447bee7 elementor-invisible elementor-widget elementor-widget-text-editor\" data-id=\"447bee7\" data-element_type=\"widget\" data-e-type=\"widget\" data-settings=\"{&quot;_animation&quot;:&quot;fadeInUp&quot;}\" data-widget_type=\"text-editor.default\">\n\t\t\t\t<div class=\"elementor-widget-container\">\n\t\t\t\t\t\t\t\t\t<p data-start=\"41\" data-end=\"202\">X\u00e2y d\u1ef1ng tr\u00ean <strong data-start=\"51\" data-end=\"90\">t\u00ecnh b\u1eb1ng h\u1eefu, s\u1ef1 h\u00e0i h\u00f2a v\u00e0 k\u1ef7 lu\u1eadt<\/strong>, Yuko Shinzen Dojo (\u53cb\u597d\u89aa\u5584\u9053\u5834) \u0111\u01b0\u1ee3c <strong data-start=\"132\" data-end=\"152\">YAMASHIMA Sensei<\/strong> \u0111\u1eb7t t\u00ean, th\u1ec3 hi\u1ec7n tinh th\u1ea7n s\u00e2u s\u1eafc c\u1ee7a v\u00f5 thu\u1eadt.<\/p><p data-start=\"204\" data-end=\"430\">L\u00e0 m\u1ed9t <strong data-start=\"210\" data-end=\"258\">v\u00f5 \u0111\u01b0\u1eddng li\u00ean k\u1ebft v\u1edbi Chiyoda-ku Aikikai, Tokyo,<\/strong> ch\u00fang t\u00f4i g\u00ecn gi\u1eef <strong data-start=\"270\" data-end=\"300\">nh\u1eefng gi\u00e1 tr\u1ecb nguy\u00ean b\u1ea3n c\u1ee7a Aikido<\/strong>. H\u01a1n c\u1ea3 m\u1ed9t n\u01a1i r\u00e8n luy\u1ec7n, dojo c\u1ee7a ch\u00fang t\u00f4i l\u00e0 m\u1ed9t <strong data-start=\"343\" data-end=\"356\">c\u1ed9ng \u0111\u1ed3ng<\/strong> n\u01a1i c\u00e1c v\u00f5 sinh tr\u01b0\u1edfng th\u00e0nh, v\u01b0\u1ee3t qua gi\u1edbi h\u1ea1n c\u1ee7a b\u1ea3n th\u00e2n v\u00e0 th\u1ec3 hi\u1ec7n tinh th\u1ea7n <strong data-start=\"416\" data-end=\"427\">Bushido<\/strong>. <\/p><p data-start=\"432\" data-end=\"489\">\u2728 <strong data-start=\"434\" data-end=\"485\">\u201cR\u00e8n Luy\u1ec7n Tinh Th\u1ea7n, Ch\u1eafp C\u00e1nh \u0110am M\u00ea.\u201d<\/strong> \u2728<\/p><p data-start=\"491\" data-end=\"754\">T\u1ea1i Yuko Shinzen Dojo, v\u00f5 thu\u1eadt l\u00e0 m\u1ed9t <strong data-start=\"531\" data-end=\"551\">h\u00e0nh tr\u00ecnh su\u1ed1t \u0111\u1eddi<\/strong> c\u1ee7a <strong data-start=\"555\" data-end=\"603\">s\u1ef1 t\u1ef1 r\u00e8n luy\u1ec7n, ki\u00ean tr\u00ec v\u00e0 chuy\u1ec3n h\u00f3a b\u1ea3n th\u00e2n<\/strong>. D\u01b0\u1edbi s\u1ef1 d\u1eabn d\u1eaft c\u1ee7a <strong data-start=\"615\" data-end=\"688\">T\u00f4n tr\u1ecdng, Ho\u00e0 h\u1ee3p, Chuy\u00ean c\u1ea7n, S\u01a1 t\u00e2m v\u00e0 Tri \u00e2n<\/strong>, ch\u00fang t\u00f4i t\u1ea1o ra m\u1ed9t m\u00f4i tr\u01b0\u1eddng n\u01a1i m\u1ecdi v\u00f5 sinh, \u1edf m\u1ecdi tr\u00ecnh \u0111\u1ed9, \u0111\u1ec1u c\u00f3 th\u1ec3 ph\u00e1t tri\u1ec3n. <\/p><p data-start=\"756\" data-end=\"934\" data-is-last-node=\"\" data-is-only-node=\"\"><strong data-start=\"756\" data-end=\"816\">M\u1ed7i b\u01b0\u1edbc \u0111i l\u00e0 m\u1ed9t s\u1ef1 tr\u01b0\u1edfng th\u00e0nh. M\u1ed7i th\u1eed th\u00e1ch l\u00e0 m\u1ed9t c\u01a1 h\u1ed9i. <\/strong><\/p>\t\t\t\t\t\t\t\t<\/div>\n\t\t\t\t<\/div>\n\t\t\t\t<div class=\"elementor-element elementor-element-a6cd881 elementor-widget elementor-widget-heading\" data-id=\"a6cd881\" data-element_type=\"widget\" data-e-type=\"widget\" data-widget_type=\"heading.default\">\n\t\t\t\t<div class=\"elementor-widget-container\">\n\t\t\t\t\t<h2 class=\"elementor-heading-title elementor-size-default\">Tham gia c\u00f9ng ch\u00fang t\u00f4i \u2014 v\u00e0 c\u1ea3m nh\u1eadn tinh th\u1ea7n v\u00f5 \u0111\u01b0\u1eddng \u0111\u00edch th\u1ef1c!<\/h2>\t\t\t\t<\/div>\n\t\t\t\t<\/div>\n\t\t\t\t<\/div>\n\t\t<div class=\"elementor-element elementor-element-3c6ad6e e-con-full e-flex e-con e-child\" data-id=\"3c6ad6e\" data-element_type=\"container\" data-e-type=\"container\">\n\t\t<div class=\"elementor-element elementor-element-a2b8415 e-con-full e-flex e-con e-child\" data-id=\"a2b8415\" data-element_type=\"container\" data-e-type=\"container\" data-settings=\"{&quot;background_background&quot;:&quot;classic&quot;}\">\n\t\t\t\t<div class=\"elementor-element elementor-element-c3d9931 elementor-position-inline-start elementor-view-default elementor-mobile-position-block-start elementor-invisible elementor-widget elementor-widget-icon-box\" data-id=\"c3d9931\" data-element_type=\"widget\" data-e-type=\"widget\" data-settings=\"{&quot;_animation&quot;:&quot;fadeInUp&quot;}\" data-widget_type=\"icon-box.default\">\n\t\t\t\t<div class=\"elementor-widget-container\">\n\t\t\t\t\t\t\t<div class=\"elementor-icon-box-wrapper\">\n\n\t\t\t\t\t\t<div class=\"elementor-icon-box-icon\">\n\t\t\t\t<span  class=\"elementor-icon\">\n\t\t\t\t<svg aria-hidden=\"true\" class=\"e-font-icon-svg e-fas-search-location\" viewBox=\"0 0 512 512\" xmlns=\"http:\/\/www.w3.org\/2000\/svg\"><path d=\"M505.04 442.66l-99.71-99.69c-4.5-4.5-10.6-7-17-7h-16.3c27.6-35.3 44-79.69 44-127.99C416.03 93.09 322.92 0 208.02 0S0 93.09 0 207.98s93.11 207.98 208.02 207.98c48.3 0 92.71-16.4 128.01-44v16.3c0 6.4 2.5 12.5 7 17l99.71 99.69c9.4 9.4 24.6 9.4 33.9 0l28.3-28.3c9.4-9.4 9.4-24.59.1-33.99zm-297.02-90.7c-79.54 0-144-64.34-144-143.98 0-79.53 64.35-143.98 144-143.98 79.54 0 144 64.34 144 143.98 0 79.53-64.35 143.98-144 143.98zm.02-239.96c-40.78 0-73.84 33.05-73.84 73.83 0 32.96 48.26 93.05 66.75 114.86a9.24 9.24 0 0 0 14.18 0c18.49-21.81 66.75-81.89 66.75-114.86 0-40.78-33.06-73.83-73.84-73.83zm0 96c-13.26 0-24-10.75-24-24 0-13.26 10.75-24 24-24s24 10.74 24 24c0 13.25-10.75 24-24 24z\"><\/path><\/svg>\t\t\t\t<\/span>\n\t\t\t<\/div>\n\t\t\t\n\t\t\t\t\t\t<div class=\"elementor-icon-box-content\">\n\n\t\t\t\t\t\t\t\t\t<h3 class=\"elementor-icon-box-title\">\n\t\t\t\t\t\t<span  >\n\t\t\t\t\t\t\tV\u1ecb Tr\u00ed V\u00f5 \u0110\u01b0\u1eddng\t\t\t\t\t\t<\/span>\n\t\t\t\t\t<\/h3>\n\t\t\t\t\n\t\t\t\t\t\t\t\t\t<p class=\"elementor-icon-box-description\">\n\t\t\t\t\t\tV1.002 T\u00f2a nh\u00e0 Sunrise City South,<br> 23 Nguy\u1ec5n H\u1eefu Th\u1ecd, P. T\u00e2n H\u01b0ng, Q.7, TP.HCM.\t\t\t\t\t<\/p>\n\t\t\t\t\n\t\t\t<\/div>\n\t\t\t\n\t\t<\/div>\n\t\t\t\t\t\t<\/div>\n\t\t\t\t<\/div>\n\t\t\t\t<div class=\"elementor-element elementor-element-e8a816c elementor-position-inline-start elementor-view-default elementor-mobile-position-block-start elementor-invisible elementor-widget elementor-widget-icon-box\" data-id=\"e8a816c\" data-element_type=\"widget\" data-e-type=\"widget\" data-settings=\"{&quot;_animation&quot;:&quot;fadeInUp&quot;}\" data-widget_type=\"icon-box.default\">\n\t\t\t\t<div class=\"elementor-widget-container\">\n\t\t\t\t\t\t\t<div class=\"elementor-icon-box-wrapper\">\n\n\t\t\t\t\t\t<div class=\"elementor-icon-box-icon\">\n\t\t\t\t<span  class=\"elementor-icon\">\n\t\t\t\t<svg aria-hidden=\"true\" class=\"e-font-icon-svg e-fas-phone-volume\" viewBox=\"0 0 384 512\" xmlns=\"http:\/\/www.w3.org\/2000\/svg\"><path d=\"M97.333 506.966c-129.874-129.874-129.681-340.252 0-469.933 5.698-5.698 14.527-6.632 21.263-2.422l64.817 40.513a17.187 17.187 0 0 1 6.849 20.958l-32.408 81.021a17.188 17.188 0 0 1-17.669 10.719l-55.81-5.58c-21.051 58.261-20.612 122.471 0 179.515l55.811-5.581a17.188 17.188 0 0 1 17.669 10.719l32.408 81.022a17.188 17.188 0 0 1-6.849 20.958l-64.817 40.513a17.19 17.19 0 0 1-21.264-2.422zM247.126 95.473c11.832 20.047 11.832 45.008 0 65.055-3.95 6.693-13.108 7.959-18.718 2.581l-5.975-5.726c-3.911-3.748-4.793-9.622-2.261-14.41a32.063 32.063 0 0 0 0-29.945c-2.533-4.788-1.65-10.662 2.261-14.41l5.975-5.726c5.61-5.378 14.768-4.112 18.718 2.581zm91.787-91.187c60.14 71.604 60.092 175.882 0 247.428-4.474 5.327-12.53 5.746-17.552.933l-5.798-5.557c-4.56-4.371-4.977-11.529-.93-16.379 49.687-59.538 49.646-145.933 0-205.422-4.047-4.85-3.631-12.008.93-16.379l5.798-5.557c5.022-4.813 13.078-4.394 17.552.933zm-45.972 44.941c36.05 46.322 36.108 111.149 0 157.546-4.39 5.641-12.697 6.251-17.856 1.304l-5.818-5.579c-4.4-4.219-4.998-11.095-1.285-15.931 26.536-34.564 26.534-82.572 0-117.134-3.713-4.836-3.115-11.711 1.285-15.931l5.818-5.579c5.159-4.947 13.466-4.337 17.856 1.304z\"><\/path><\/svg>\t\t\t\t<\/span>\n\t\t\t<\/div>\n\t\t\t\n\t\t\t\t\t\t<div class=\"elementor-icon-box-content\">\n\n\t\t\t\t\t\t\t\t\t<div class=\"elementor-icon-box-title\">\n\t\t\t\t\t\t<span  >\n\t\t\t\t\t\t\tS\u1ed1 \u0110i\u1ec7n Tho\u1ea1i Li\u00ean L\u1ea1c\t\t\t\t\t\t<\/span>\n\t\t\t\t\t<\/div>\n\t\t\t\t\n\t\t\t\t\t\t\t\t\t<p class=\"elementor-icon-box-description\">\n\t\t\t\t\t\t<a href=\"tel:+84867576336\">086 7576 336<\/a>\t\t\t\t\t<\/p>\n\t\t\t\t\n\t\t\t<\/div>\n\t\t\t\n\t\t<\/div>\n\t\t\t\t\t\t<\/div>\n\t\t\t\t<\/div>\n\t\t\t\t<div class=\"elementor-element elementor-element-4be59f8 elementor-position-inline-start elementor-view-default elementor-mobile-position-block-start elementor-invisible elementor-widget elementor-widget-icon-box\" data-id=\"4be59f8\" data-element_type=\"widget\" data-e-type=\"widget\" data-settings=\"{&quot;_animation&quot;:&quot;fadeInUp&quot;}\" data-widget_type=\"icon-box.default\">\n\t\t\t\t<div class=\"elementor-widget-container\">\n\t\t\t\t\t\t\t<div class=\"elementor-icon-box-wrapper\">\n\n\t\t\t\t\t\t<div class=\"elementor-icon-box-icon\">\n\t\t\t\t<span  class=\"elementor-icon\">\n\t\t\t\t<i aria-hidden=\"true\" class=\"icon icon-email\"><\/i>\t\t\t\t<\/span>\n\t\t\t<\/div>\n\t\t\t\n\t\t\t\t\t\t<div class=\"elementor-icon-box-content\">\n\n\t\t\t\t\t\t\t\t\t<div class=\"elementor-icon-box-title\">\n\t\t\t\t\t\t<span  >\n\t\t\t\t\t\t\tE-mail\t\t\t\t\t\t<\/span>\n\t\t\t\t\t<\/div>\n\t\t\t\t\n\t\t\t\t\t\t\t\t\t<p class=\"elementor-icon-box-description\">\n\t\t\t\t\t\t<a href=\"tel:+84867576336\">contact@yukoshinzendojo.com<\/a>\t\t\t\t\t<\/p>\n\t\t\t\t\n\t\t\t<\/div>\n\t\t\t\n\t\t<\/div>\n\t\t\t\t\t\t<\/div>\n\t\t\t\t<\/div>\n\t\t\t\t<div class=\"elementor-element elementor-element-486ffc4 elementor-position-inline-start elementor-view-default elementor-mobile-position-block-start elementor-invisible elementor-widget elementor-widget-icon-box\" data-id=\"486ffc4\" data-element_type=\"widget\" data-e-type=\"widget\" data-settings=\"{&quot;_animation&quot;:&quot;fadeInUp&quot;}\" data-widget_type=\"icon-box.default\">\n\t\t\t\t<div class=\"elementor-widget-container\">\n\t\t\t\t\t\t\t<div class=\"elementor-icon-box-wrapper\">\n\n\t\t\t\t\t\t<div class=\"elementor-icon-box-icon\">\n\t\t\t\t<span  class=\"elementor-icon\">\n\t\t\t\t<svg aria-hidden=\"true\" class=\"e-font-icon-svg e-far-clock\" viewBox=\"0 0 512 512\" xmlns=\"http:\/\/www.w3.org\/2000\/svg\"><path d=\"M256 8C119 8 8 119 8 256s111 248 248 248 248-111 248-248S393 8 256 8zm0 448c-110.5 0-200-89.5-200-200S145.5 56 256 56s200 89.5 200 200-89.5 200-200 200zm61.8-104.4l-84.9-61.7c-3.1-2.3-4.9-5.9-4.9-9.7V116c0-6.6 5.4-12 12-12h32c6.6 0 12 5.4 12 12v141.7l66.8 48.6c5.4 3.9 6.5 11.4 2.6 16.8L334.6 349c-3.9 5.3-11.4 6.5-16.8 2.6z\"><\/path><\/svg>\t\t\t\t<\/span>\n\t\t\t<\/div>\n\t\t\t\n\t\t\t\t\t\t<div class=\"elementor-icon-box-content\">\n\n\t\t\t\t\t\t\t\t\t<h3 class=\"elementor-icon-box-title\">\n\t\t\t\t\t\t<span  >\n\t\t\t\t\t\t\tGi\u1edd M\u1edf C\u1eeda\t\t\t\t\t\t<\/span>\n\t\t\t\t\t<\/h3>\n\t\t\t\t\n\t\t\t\t\t\t\t\t\t<p class=\"elementor-icon-box-description\">\n\t\t\t\t\t\t05.00 Chi\u1ec1u - 09.00 T\u1ed1i\t\t\t\t\t<\/p>\n\t\t\t\t\n\t\t\t<\/div>\n\t\t\t\n\t\t<\/div>\n\t\t\t\t\t\t<\/div>\n\t\t\t\t<\/div>\n\t\t\t\t<\/div>\n\t\t\t\t<\/div>\n\t\t\t\t\t<\/div>\n\t\t\t\t<\/div>\n\t\t\t\t<\/div>\n\t\t","protected":false},"excerpt":{"rendered":"<p>AIKIDO C\u00e2u h\u1ecfi th\u01b0\u1eddng g\u1eb7p Trang ch\u1ee7 C\u00e2u h\u1ecfi chung Aikido c\u00f3 th\u1ec3 kh\u00f3 hi\u1ec3u \u0111\u1ed1i v\u1edbi nh\u1eefng ng\u01b0\u1eddi hi\u1ec7n \u0111\u1ea1i. Nhi\u1ec1u ng\u01b0\u1eddi ch\u1ec9 c\u00f3 kinh nghi\u1ec7m v\u1edbi c\u00e1c m\u00f4n th\u1ec3 thao v\u00e0 tr\u00f2 ch\u01a1i nh\u1ea5n m\u1ea1nh v\u00e0o vi\u1ec7c r\u00e8n luy\u1ec7n th\u1ec3 ch\u1ea5t v\u00e0 k\u1ef9 thu\u1eadt thu\u1ea7n t\u00fay v\u00e0 c\u00e1c cu\u1ed9c thi c\u00f3 t\u1ed5 ch\u1ee9c [&hellip;]<\/p>\n","protected":false},"author":1,"featured_media":0,"parent":10192,"menu_order":0,"comment_status":"closed","ping_status":"closed","template":"elementor_header_footer","meta":{"_acf_changed":false,"footnotes":""},"class_list":["post-11251","page","type-page","status-publish","hentry"],"acf":[],"yoast_head":"<!-- This site is optimized with the Yoast SEO plugin v27.4 - https:\/\/yoast.com\/product\/yoast-seo-wordpress\/ -->\n<title>AIKIDO - C\u00e2u H\u1ecfi Th\u01b0\u1eddng G\u1eb7p - iKiCenter<\/title>\n<meta name=\"robots\" content=\"index, follow, max-snippet:-1, max-image-preview:large, max-video-preview:-1\" \/>\n<link rel=\"canonical\" href=\"https:\/\/yukoshinzendojo.com\/vi\/aikido\/aikido-cau-hoi-thuong-gap\/\" \/>\n<meta property=\"og:locale\" content=\"vi_VN\" \/>\n<meta property=\"og:type\" content=\"article\" \/>\n<meta property=\"og:title\" content=\"AIKIDO - C\u00e2u H\u1ecfi Th\u01b0\u1eddng G\u1eb7p - iKiCenter\" \/>\n<meta property=\"og:description\" content=\"AIKIDO C\u00e2u h\u1ecfi th\u01b0\u1eddng g\u1eb7p Trang ch\u1ee7 C\u00e2u h\u1ecfi chung Aikido c\u00f3 th\u1ec3 kh\u00f3 hi\u1ec3u \u0111\u1ed1i v\u1edbi nh\u1eefng ng\u01b0\u1eddi hi\u1ec7n \u0111\u1ea1i. Nhi\u1ec1u ng\u01b0\u1eddi ch\u1ec9 c\u00f3 kinh nghi\u1ec7m v\u1edbi c\u00e1c m\u00f4n th\u1ec3 thao v\u00e0 tr\u00f2 ch\u01a1i nh\u1ea5n m\u1ea1nh v\u00e0o vi\u1ec7c r\u00e8n luy\u1ec7n th\u1ec3 ch\u1ea5t v\u00e0 k\u1ef9 thu\u1eadt thu\u1ea7n t\u00fay v\u00e0 c\u00e1c cu\u1ed9c thi c\u00f3 t\u1ed5 ch\u1ee9c [&hellip;]\" \/>\n<meta property=\"og:url\" content=\"https:\/\/yukoshinzendojo.com\/vi\/aikido\/aikido-cau-hoi-thuong-gap\/\" \/>\n<meta property=\"og:site_name\" content=\"iKiCenter\" \/>\n<meta property=\"article:publisher\" content=\"https:\/\/www.facebook.com\/iKiCenter\" \/>\n<meta property=\"article:modified_time\" content=\"2025-06-02T10:40:46+00:00\" \/>\n<meta name=\"twitter:card\" content=\"summary_large_image\" \/>\n<meta name=\"twitter:label1\" content=\"Est. reading time\" \/>\n\t<meta name=\"twitter:data1\" content=\"25 minutes\" \/>\n<script type=\"application\/ld+json\" class=\"yoast-schema-graph\">{\"@context\":\"https:\\\/\\\/schema.org\",\"@graph\":[{\"@type\":\"WebPage\",\"@id\":\"https:\\\/\\\/yukoshinzendojo.com\\\/vi\\\/aikido\\\/aikido-cau-hoi-thuong-gap\\\/\",\"url\":\"https:\\\/\\\/yukoshinzendojo.com\\\/vi\\\/aikido\\\/aikido-cau-hoi-thuong-gap\\\/\",\"name\":\"AIKIDO - C\u00e2u H\u1ecfi Th\u01b0\u1eddng G\u1eb7p - iKiCenter\",\"isPartOf\":{\"@id\":\"https:\\\/\\\/yukoshinzendojo.com\\\/vi\\\/#website\"},\"datePublished\":\"2025-02-15T11:08:59+00:00\",\"dateModified\":\"2025-06-02T10:40:46+00:00\",\"breadcrumb\":{\"@id\":\"https:\\\/\\\/yukoshinzendojo.com\\\/vi\\\/aikido\\\/aikido-cau-hoi-thuong-gap\\\/#breadcrumb\"},\"inLanguage\":\"vi-VN\",\"potentialAction\":[{\"@type\":\"ReadAction\",\"target\":[\"https:\\\/\\\/yukoshinzendojo.com\\\/vi\\\/aikido\\\/aikido-cau-hoi-thuong-gap\\\/\"]}]},{\"@type\":\"BreadcrumbList\",\"@id\":\"https:\\\/\\\/yukoshinzendojo.com\\\/vi\\\/aikido\\\/aikido-cau-hoi-thuong-gap\\\/#breadcrumb\",\"itemListElement\":[{\"@type\":\"ListItem\",\"position\":1,\"name\":\"Home\",\"item\":\"https:\\\/\\\/yukoshinzendojo.com\\\/vi\\\/aikido-taekwondo-quan-7-tp-hcm-iki-center\\\/\"},{\"@type\":\"ListItem\",\"position\":2,\"name\":\"Aikido\",\"item\":\"https:\\\/\\\/yukoshinzendojo.com\\\/vi\\\/aikido\\\/\"},{\"@type\":\"ListItem\",\"position\":3,\"name\":\"AIKIDO &#8211; C\u00e2u H\u1ecfi Th\u01b0\u1eddng G\u1eb7p\"}]},{\"@type\":\"WebSite\",\"@id\":\"https:\\\/\\\/yukoshinzendojo.com\\\/vi\\\/#website\",\"url\":\"https:\\\/\\\/yukoshinzendojo.com\\\/vi\\\/\",\"name\":\"Ikicenter\",\"description\":\"R\u00e8n luy\u1ec7n tinh th\u1ea7n, ch\u1eafp c\u00e1nh \u0111am m\u00ea\",\"potentialAction\":[{\"@type\":\"SearchAction\",\"target\":{\"@type\":\"EntryPoint\",\"urlTemplate\":\"https:\\\/\\\/yukoshinzendojo.com\\\/vi\\\/?s={search_term_string}\"},\"query-input\":{\"@type\":\"PropertyValueSpecification\",\"valueRequired\":true,\"valueName\":\"search_term_string\"}}],\"inLanguage\":\"vi-VN\"}]}<\/script>\n<!-- \/ Yoast SEO plugin. -->","yoast_head_json":{"title":"AIKIDO - C\u00e2u H\u1ecfi Th\u01b0\u1eddng G\u1eb7p - iKiCenter","robots":{"index":"index","follow":"follow","max-snippet":"max-snippet:-1","max-image-preview":"max-image-preview:large","max-video-preview":"max-video-preview:-1"},"canonical":"https:\/\/yukoshinzendojo.com\/vi\/aikido\/aikido-cau-hoi-thuong-gap\/","og_locale":"vi_VN","og_type":"article","og_title":"AIKIDO - C\u00e2u H\u1ecfi Th\u01b0\u1eddng G\u1eb7p - iKiCenter","og_description":"AIKIDO C\u00e2u h\u1ecfi th\u01b0\u1eddng g\u1eb7p Trang ch\u1ee7 C\u00e2u h\u1ecfi chung Aikido c\u00f3 th\u1ec3 kh\u00f3 hi\u1ec3u \u0111\u1ed1i v\u1edbi nh\u1eefng ng\u01b0\u1eddi hi\u1ec7n \u0111\u1ea1i. Nhi\u1ec1u ng\u01b0\u1eddi ch\u1ec9 c\u00f3 kinh nghi\u1ec7m v\u1edbi c\u00e1c m\u00f4n th\u1ec3 thao v\u00e0 tr\u00f2 ch\u01a1i nh\u1ea5n m\u1ea1nh v\u00e0o vi\u1ec7c r\u00e8n luy\u1ec7n th\u1ec3 ch\u1ea5t v\u00e0 k\u1ef9 thu\u1eadt thu\u1ea7n t\u00fay v\u00e0 c\u00e1c cu\u1ed9c thi c\u00f3 t\u1ed5 ch\u1ee9c [&hellip;]","og_url":"https:\/\/yukoshinzendojo.com\/vi\/aikido\/aikido-cau-hoi-thuong-gap\/","og_site_name":"iKiCenter","article_publisher":"https:\/\/www.facebook.com\/iKiCenter","article_modified_time":"2025-06-02T10:40:46+00:00","twitter_card":"summary_large_image","twitter_misc":{"Est. reading time":"25 minutes"},"schema":{"@context":"https:\/\/schema.org","@graph":[{"@type":"WebPage","@id":"https:\/\/yukoshinzendojo.com\/vi\/aikido\/aikido-cau-hoi-thuong-gap\/","url":"https:\/\/yukoshinzendojo.com\/vi\/aikido\/aikido-cau-hoi-thuong-gap\/","name":"AIKIDO - C\u00e2u H\u1ecfi Th\u01b0\u1eddng G\u1eb7p - iKiCenter","isPartOf":{"@id":"https:\/\/yukoshinzendojo.com\/vi\/#website"},"datePublished":"2025-02-15T11:08:59+00:00","dateModified":"2025-06-02T10:40:46+00:00","breadcrumb":{"@id":"https:\/\/yukoshinzendojo.com\/vi\/aikido\/aikido-cau-hoi-thuong-gap\/#breadcrumb"},"inLanguage":"vi-VN","potentialAction":[{"@type":"ReadAction","target":["https:\/\/yukoshinzendojo.com\/vi\/aikido\/aikido-cau-hoi-thuong-gap\/"]}]},{"@type":"BreadcrumbList","@id":"https:\/\/yukoshinzendojo.com\/vi\/aikido\/aikido-cau-hoi-thuong-gap\/#breadcrumb","itemListElement":[{"@type":"ListItem","position":1,"name":"Home","item":"https:\/\/yukoshinzendojo.com\/vi\/aikido-taekwondo-quan-7-tp-hcm-iki-center\/"},{"@type":"ListItem","position":2,"name":"Aikido","item":"https:\/\/yukoshinzendojo.com\/vi\/aikido\/"},{"@type":"ListItem","position":3,"name":"AIKIDO &#8211; C\u00e2u H\u1ecfi Th\u01b0\u1eddng G\u1eb7p"}]},{"@type":"WebSite","@id":"https:\/\/yukoshinzendojo.com\/vi\/#website","url":"https:\/\/yukoshinzendojo.com\/vi\/","name":"Ikicenter","description":"R\u00e8n luy\u1ec7n tinh th\u1ea7n, ch\u1eafp c\u00e1nh \u0111am m\u00ea","potentialAction":[{"@type":"SearchAction","target":{"@type":"EntryPoint","urlTemplate":"https:\/\/yukoshinzendojo.com\/vi\/?s={search_term_string}"},"query-input":{"@type":"PropertyValueSpecification","valueRequired":true,"valueName":"search_term_string"}}],"inLanguage":"vi-VN"}]}},"_links":{"self":[{"href":"https:\/\/yukoshinzendojo.com\/vi\/wp-json\/wp\/v2\/pages\/11251","targetHints":{"allow":["GET"]}}],"collection":[{"href":"https:\/\/yukoshinzendojo.com\/vi\/wp-json\/wp\/v2\/pages"}],"about":[{"href":"https:\/\/yukoshinzendojo.com\/vi\/wp-json\/wp\/v2\/types\/page"}],"author":[{"embeddable":true,"href":"https:\/\/yukoshinzendojo.com\/vi\/wp-json\/wp\/v2\/users\/1"}],"replies":[{"embeddable":true,"href":"https:\/\/yukoshinzendojo.com\/vi\/wp-json\/wp\/v2\/comments?post=11251"}],"version-history":[{"count":0,"href":"https:\/\/yukoshinzendojo.com\/vi\/wp-json\/wp\/v2\/pages\/11251\/revisions"}],"up":[{"embeddable":true,"href":"https:\/\/yukoshinzendojo.com\/vi\/wp-json\/wp\/v2\/pages\/10192"}],"wp:attachment":[{"href":"https:\/\/yukoshinzendojo.com\/vi\/wp-json\/wp\/v2\/media?parent=11251"}],"curies":[{"name":"wp","href":"https:\/\/api.w.org\/{rel}","templated":true}]}}