{"id":10249,"date":"2025-02-15T19:01:50","date_gmt":"2025-02-15T12:01:50","guid":{"rendered":"https:\/\/yukoshinzendojo.com\/trang-chu\/taekwondo\/taekwondo-cau-hoi-thuong-gap\/"},"modified":"2025-06-02T19:51:23","modified_gmt":"2025-06-02T12:51:23","slug":"taekwondo-cau-hoi-thuong-gap","status":"publish","type":"page","link":"https:\/\/yukoshinzendojo.com\/vi\/taekwondo\/taekwondo-cau-hoi-thuong-gap\/","title":{"rendered":"Taekwondo &#8211; C\u00e2u h\u1ecfi th\u01b0\u1eddng g\u1eb7p"},"content":{"rendered":"\t\t<div data-elementor-type=\"wp-page\" data-elementor-id=\"10249\" class=\"elementor elementor-10249 elementor-367\" data-elementor-post-type=\"page\">\n\t\t\t\t\t\t<section class=\"elementor-section elementor-top-section elementor-element elementor-element-721b3dcf elementor-section-boxed elementor-section-height-default elementor-section-height-default\" data-id=\"721b3dcf\" data-element_type=\"section\" data-e-type=\"section\" data-settings=\"{&quot;background_background&quot;:&quot;classic&quot;}\">\n\t\t\t\t\t\t\t<div class=\"elementor-background-overlay\"><\/div>\n\t\t\t\t\t\t\t<div class=\"elementor-container elementor-column-gap-default\">\n\t\t\t\t\t<div class=\"elementor-column elementor-col-100 elementor-top-column elementor-element elementor-element-7a2d20ef\" data-id=\"7a2d20ef\" data-element_type=\"column\" data-e-type=\"column\">\n\t\t\t<div class=\"elementor-widget-wrap elementor-element-populated\">\n\t\t\t\t\t\t<div class=\"elementor-element elementor-element-4b2b4a04 elementor-widget elementor-widget-heading\" data-id=\"4b2b4a04\" data-element_type=\"widget\" data-e-type=\"widget\" data-widget_type=\"heading.default\">\n\t\t\t\t<div class=\"elementor-widget-container\">\n\t\t\t\t\t<h1 class=\"elementor-heading-title elementor-size-default\">TEAKWONDO<\/h1>\t\t\t\t<\/div>\n\t\t\t\t<\/div>\n\t\t\t\t<div class=\"elementor-element elementor-element-4b62c87 elementor-widget elementor-widget-heading\" data-id=\"4b62c87\" data-element_type=\"widget\" data-e-type=\"widget\" data-widget_type=\"heading.default\">\n\t\t\t\t<div class=\"elementor-widget-container\">\n\t\t\t\t\t<h2 class=\"elementor-heading-title elementor-size-default\">C\u00e2u h\u1ecfi th\u01b0\u1eddng g\u1eb7p<\/h2>\t\t\t\t<\/div>\n\t\t\t\t<\/div>\n\t\t\t\t\t<\/div>\n\t\t<\/div>\n\t\t\t\t\t<\/div>\n\t\t<\/section>\n\t\t\t\t<section class=\"elementor-section elementor-top-section elementor-element elementor-element-5ad9155c elementor-section-boxed elementor-section-height-default elementor-section-height-default\" data-id=\"5ad9155c\" data-element_type=\"section\" data-e-type=\"section\">\n\t\t\t\t\t\t<div class=\"elementor-container elementor-column-gap-default\">\n\t\t\t\t\t<div class=\"elementor-column elementor-col-50 elementor-top-column elementor-element elementor-element-25be94ca\" data-id=\"25be94ca\" data-element_type=\"column\" data-e-type=\"column\">\n\t\t\t<div class=\"elementor-widget-wrap elementor-element-populated\">\n\t\t\t\t\t\t<div class=\"elementor-element elementor-element-46c4fada elementor-widget elementor-widget-heading\" data-id=\"46c4fada\" data-element_type=\"widget\" data-e-type=\"widget\" data-widget_type=\"heading.default\">\n\t\t\t\t<div class=\"elementor-widget-container\">\n\t\t\t\t\t<h2 class=\"elementor-heading-title elementor-size-default\">C\u00e2u h\u1ecfi chung<\/h2>\t\t\t\t<\/div>\n\t\t\t\t<\/div>\n\t\t\t\t<div class=\"elementor-element elementor-element-69b1bac9 elementor-widget elementor-widget-text-editor\" data-id=\"69b1bac9\" data-element_type=\"widget\" data-e-type=\"widget\" data-widget_type=\"text-editor.default\">\n\t\t\t\t<div class=\"elementor-widget-container\">\n\t\t\t\t\t\t\t\t\t<p>Ph\u1ea7n n\u00e0y cung c\u1ea5p nh\u1eefng ki\u1ebfn th\u1ee9c n\u1ec1n t\u1ea3ng v\u1ec1 Taekwondo, bao g\u1ed3m ngu\u1ed3n g\u1ed1c, l\u1ee3i \u00edch v\u00e0 c\u1ea5u tr\u00fac \u0111\u00e0o t\u1ea1o. N\u1ebfu b\u1ea1n l\u00e0 ng\u01b0\u1eddi m\u1edbi b\u1eaft \u0111\u1ea7u, nh\u1eefng c\u00e2u h\u1ecfi sau s\u1ebd gi\u00fap b\u1ea1n hi\u1ec3u r\u00f5 h\u01a1n v\u1ec1 nh\u1eefng \u0111i\u1ec1u c\u0103n b\u1ea3n c\u1ee7a Taekwondo. <\/p>\t\t\t\t\t\t\t\t<\/div>\n\t\t\t\t<\/div>\n\t\t\t\t\t<\/div>\n\t\t<\/div>\n\t\t\t\t<div class=\"elementor-column elementor-col-50 elementor-top-column elementor-element elementor-element-4ba4241e\" data-id=\"4ba4241e\" data-element_type=\"column\" data-e-type=\"column\">\n\t\t\t<div class=\"elementor-widget-wrap elementor-element-populated\">\n\t\t\t\t\t\t<div class=\"elementor-element elementor-element-61aba1b6 elementor-widget elementor-widget-heading\" data-id=\"61aba1b6\" data-element_type=\"widget\" data-e-type=\"widget\" data-widget_type=\"heading.default\">\n\t\t\t\t<div class=\"elementor-widget-container\">\n\t\t\t\t\t<h2 class=\"elementor-heading-title elementor-size-default\">C\u00e2u h\u1ecfi ph\u1ed5 bi\u1ebfn<\/h2>\t\t\t\t<\/div>\n\t\t\t\t<\/div>\n\t\t\t\t<div class=\"elementor-element elementor-element-21367cb7 elementor-widget elementor-widget-text-editor\" data-id=\"21367cb7\" data-element_type=\"widget\" data-e-type=\"widget\" data-widget_type=\"text-editor.default\">\n\t\t\t\t<div class=\"elementor-widget-container\">\n\t\t\t\t\t\t\t\t\t<p>\u0110\u00e2y l\u00e0 nh\u1eefng c\u00e2u h\u1ecfi th\u01b0\u1eddng g\u1eb7p nh\u1ea5t t\u1eeb h\u1ecdc vi\u00ean v\u00e0 ph\u1ee5 huynh. N\u1ebfu b\u1ea1n quan t\u00e2m \u0111\u1ebfn qu\u00e1 tr\u00ecnh t\u1eadp luy\u1ec7n, thi \u0111\u1ea5u ho\u1eb7c c\u00e1c kh\u00eda c\u1ea1nh th\u1ef1c t\u1ebf c\u1ee7a Taekwondo, ph\u1ea7n n\u00e0y s\u1ebd cung c\u1ea5p nh\u1eefng th\u00f4ng tin h\u1eefu \u00edch. <\/p>\t\t\t\t\t\t\t\t<\/div>\n\t\t\t\t<\/div>\n\t\t\t\t\t<\/div>\n\t\t<\/div>\n\t\t\t\t\t<\/div>\n\t\t<\/section>\n\t\t<div class=\"elementor-element elementor-element-d4ceec1 e-flex e-con-boxed e-con e-parent\" data-id=\"d4ceec1\" data-element_type=\"container\" data-e-type=\"container\" data-settings=\"{&quot;background_background&quot;:&quot;classic&quot;}\">\n\t\t\t\t\t<div class=\"e-con-inner\">\n\t\t<div class=\"elementor-element elementor-element-05bc379 e-con-full e-flex e-con e-child\" data-id=\"05bc379\" data-element_type=\"container\" data-e-type=\"container\" data-settings=\"{&quot;background_background&quot;:&quot;classic&quot;}\">\n\t\t\t\t<div class=\"elementor-element elementor-element-71987e6 elementor-invisible elementor-widget elementor-widget-heading\" data-id=\"71987e6\" data-element_type=\"widget\" data-e-type=\"widget\" data-settings=\"{&quot;_animation&quot;:&quot;fadeInUp&quot;}\" data-widget_type=\"heading.default\">\n\t\t\t\t<div class=\"elementor-widget-container\">\n\t\t\t\t\t<h2 class=\"elementor-heading-title elementor-size-default\">Gi\u1edbi Thi\u1ec7u IKI CENTER<\/h2>\t\t\t\t<\/div>\n\t\t\t\t<\/div>\n\t\t\t\t<div class=\"elementor-element elementor-element-b4f7aa5 elementor-invisible elementor-widget elementor-widget-heading\" data-id=\"b4f7aa5\" data-element_type=\"widget\" data-e-type=\"widget\" data-settings=\"{&quot;_animation&quot;:&quot;fadeInUp&quot;}\" data-widget_type=\"heading.default\">\n\t\t\t\t<div class=\"elementor-widget-container\">\n\t\t\t\t\t<h2 class=\"elementor-heading-title elementor-size-default\">N\u01a1i Truy\u1ec1n Th\u1ed1ng H\u00f2a Quy\u1ec7n C\u00f9ng \u0110am M\u00ea<\/h2>\t\t\t\t<\/div>\n\t\t\t\t<\/div>\n\t\t\t\t<div class=\"elementor-element elementor-element-70045e6 elementor-invisible elementor-widget elementor-widget-text-editor\" data-id=\"70045e6\" data-element_type=\"widget\" data-e-type=\"widget\" data-settings=\"{&quot;_animation&quot;:&quot;fadeInUp&quot;}\" data-widget_type=\"text-editor.default\">\n\t\t\t\t<div class=\"elementor-widget-container\">\n\t\t\t\t\t\t\t\t\t<p data-start=\"81\" data-end=\"405\">\u0110\u01b0\u1ee3c th\u00e0nh l\u1eadp v\u00e0o n\u0103m 2016 t\u1ea1i Trung t\u00e2m Th\u1ec3 thao Phan \u0110\u00ecnh Ph\u00f9ng, iKi Center (tr\u01b0\u1edbc \u0111\u00e2y l\u00e0 Musu Dojo) l\u00e0 n\u01a1i d\u00e0nh cho vi\u1ec7c t\u1eadp luy\u1ec7n Aikido v\u00e0 Taekwondo, n\u01a1i c\u00e1c v\u00f5 sinh r\u00e8n luy\u1ec7n s\u1ee9c m\u1ea1nh v\u00e0 nu\u00f4i d\u01b0\u1ee1ng \u0111am m\u00ea. V\u1edbi ph\u01b0\u01a1ng ch\u00e2m: \u201cR\u00e8n luy\u1ec7n s\u1ee9c m\u1ea1nh, lan to\u1ea3 \u0111am m\u00ea\u201d, v\u00f5 \u0111\u01b0\u1eddng kh\u00f4ng ch\u1ec9 ch\u00fa tr\u1ecdng v\u00e0o k\u1ef9 thu\u1eadt m\u00e0 c\u00f2n h\u01b0\u1edbng \u0111\u1ebfn s\u1ef1 ph\u00e1t tri\u1ec3n to\u00e0n di\u1ec7n c\u1ee7a m\u1ed7i c\u00e1 nh\u00e2n. <\/p><p data-start=\"407\" data-end=\"697\">\u0110\u01b0\u1ee3c x\u00e2y d\u1ef1ng tr\u00ean n\u0103m gi\u00e1 tr\u1ecb c\u1ed1t l\u00f5i \u2014 T\u00f4n tr\u1ecdng, H\u00f2a h\u1ee3p, Chuy\u00ean c\u1ea7n, S\u01a1 t\u00e2m v\u00e0 Tri \u00e2n \u2014 iKi Center nu\u00f4i d\u01b0\u1ee1ng tinh th\u1ea7n k\u1ef7 lu\u1eadt, s\u1ef1 ki\u00ean tr\u00ec v\u00e0 tinh th\u1ea7n h\u1ecdc h\u1ecfi su\u1ed1t \u0111\u1eddi. H\u01a1n c\u1ea3 m\u1ed9t n\u01a1i r\u00e8n luy\u1ec7n v\u00f5 thu\u1eadt, \u0111\u00e2y l\u00e0 m\u1ed9t h\u00e0nh tr\u00ecnh ph\u00e1t tri\u1ec3n nh\u00e2n c\u00e1ch, \u0111\u01b0\u1ee3c d\u1eabn d\u1eaft b\u1edfi nh\u1eefng hu\u1ea5n luy\u1ec7n vi\u00ean t\u1eadn t\u00e2m v\u00e0 m\u1ed9t c\u1ed9ng \u0111\u1ed3ng \u0111\u1ea7y s\u1ef1 h\u1ed7 tr\u1ee3. <\/p>\t\t\t\t\t\t\t\t<\/div>\n\t\t\t\t<\/div>\n\t\t\t\t<div class=\"elementor-element elementor-element-70cdc37 elementor-widget elementor-widget-heading\" data-id=\"70cdc37\" data-element_type=\"widget\" data-e-type=\"widget\" data-widget_type=\"heading.default\">\n\t\t\t\t<div class=\"elementor-widget-container\">\n\t\t\t\t\t<h2 class=\"elementor-heading-title elementor-size-default\">H\u00e3y tham gia c\u00f9ng ch\u00fang t\u00f4i v\u00e0 t\u1eadp luy\u1ec7n t\u1ea1i m\u1ed9t v\u00f5 \u0111\u01b0\u1eddng, n\u01a1i truy\u1ec1n th\u1ed1ng, \u0111am m\u00ea v\u00e0 k\u1ef7 lu\u1eadt t\u1ea1o n\u00ean nh\u1eefng v\u00f5 s\u0129 Taekwondo th\u1ef1c th\u1ee5!<\/h2>\t\t\t\t<\/div>\n\t\t\t\t<\/div>\n\t\t\t\t<\/div>\n\t\t<div class=\"elementor-element elementor-element-7016ad9 e-con-full e-flex e-con e-child\" data-id=\"7016ad9\" data-element_type=\"container\" data-e-type=\"container\">\n\t\t<div class=\"elementor-element elementor-element-e98d4e0 e-con-full e-flex e-con e-child\" data-id=\"e98d4e0\" data-element_type=\"container\" data-e-type=\"container\" data-settings=\"{&quot;background_background&quot;:&quot;classic&quot;}\">\n\t\t\t\t<div class=\"elementor-element elementor-element-ce0064f elementor-position-inline-start elementor-view-default elementor-mobile-position-block-start elementor-invisible elementor-widget elementor-widget-icon-box\" data-id=\"ce0064f\" data-element_type=\"widget\" data-e-type=\"widget\" data-settings=\"{&quot;_animation&quot;:&quot;fadeInUp&quot;}\" data-widget_type=\"icon-box.default\">\n\t\t\t\t<div class=\"elementor-widget-container\">\n\t\t\t\t\t\t\t<div class=\"elementor-icon-box-wrapper\">\n\n\t\t\t\t\t\t<div class=\"elementor-icon-box-icon\">\n\t\t\t\t<span  class=\"elementor-icon\">\n\t\t\t\t<svg aria-hidden=\"true\" class=\"e-font-icon-svg e-fas-search-location\" viewBox=\"0 0 512 512\" xmlns=\"http:\/\/www.w3.org\/2000\/svg\"><path d=\"M505.04 442.66l-99.71-99.69c-4.5-4.5-10.6-7-17-7h-16.3c27.6-35.3 44-79.69 44-127.99C416.03 93.09 322.92 0 208.02 0S0 93.09 0 207.98s93.11 207.98 208.02 207.98c48.3 0 92.71-16.4 128.01-44v16.3c0 6.4 2.5 12.5 7 17l99.71 99.69c9.4 9.4 24.6 9.4 33.9 0l28.3-28.3c9.4-9.4 9.4-24.59.1-33.99zm-297.02-90.7c-79.54 0-144-64.34-144-143.98 0-79.53 64.35-143.98 144-143.98 79.54 0 144 64.34 144 143.98 0 79.53-64.35 143.98-144 143.98zm.02-239.96c-40.78 0-73.84 33.05-73.84 73.83 0 32.96 48.26 93.05 66.75 114.86a9.24 9.24 0 0 0 14.18 0c18.49-21.81 66.75-81.89 66.75-114.86 0-40.78-33.06-73.83-73.84-73.83zm0 96c-13.26 0-24-10.75-24-24 0-13.26 10.75-24 24-24s24 10.74 24 24c0 13.25-10.75 24-24 24z\"><\/path><\/svg>\t\t\t\t<\/span>\n\t\t\t<\/div>\n\t\t\t\n\t\t\t\t\t\t<div class=\"elementor-icon-box-content\">\n\n\t\t\t\t\t\t\t\t\t<h3 class=\"elementor-icon-box-title\">\n\t\t\t\t\t\t<span  >\n\t\t\t\t\t\t\tV\u1ecb Tr\u00ed V\u00f5 \u0110\u01b0\u1eddng\t\t\t\t\t\t<\/span>\n\t\t\t\t\t<\/h3>\n\t\t\t\t\n\t\t\t\t\t\t\t\t\t<p class=\"elementor-icon-box-description\">\n\t\t\t\t\t\tV1.002 T\u00f2a nh\u00e0 Sunrise City South,<br> 23 Nguy\u1ec5n H\u1eefu Th\u1ecd, P. T\u00e2n H\u01b0ng, Q.7, TP.HCM.\t\t\t\t\t<\/p>\n\t\t\t\t\n\t\t\t<\/div>\n\t\t\t\n\t\t<\/div>\n\t\t\t\t\t\t<\/div>\n\t\t\t\t<\/div>\n\t\t\t\t<div class=\"elementor-element elementor-element-e8f4df4 elementor-position-inline-start elementor-view-default elementor-mobile-position-block-start elementor-invisible elementor-widget elementor-widget-icon-box\" data-id=\"e8f4df4\" data-element_type=\"widget\" data-e-type=\"widget\" data-settings=\"{&quot;_animation&quot;:&quot;fadeInUp&quot;}\" data-widget_type=\"icon-box.default\">\n\t\t\t\t<div class=\"elementor-widget-container\">\n\t\t\t\t\t\t\t<div class=\"elementor-icon-box-wrapper\">\n\n\t\t\t\t\t\t<div class=\"elementor-icon-box-icon\">\n\t\t\t\t<span  class=\"elementor-icon\">\n\t\t\t\t<svg aria-hidden=\"true\" class=\"e-font-icon-svg e-fas-phone-volume\" viewBox=\"0 0 384 512\" xmlns=\"http:\/\/www.w3.org\/2000\/svg\"><path d=\"M97.333 506.966c-129.874-129.874-129.681-340.252 0-469.933 5.698-5.698 14.527-6.632 21.263-2.422l64.817 40.513a17.187 17.187 0 0 1 6.849 20.958l-32.408 81.021a17.188 17.188 0 0 1-17.669 10.719l-55.81-5.58c-21.051 58.261-20.612 122.471 0 179.515l55.811-5.581a17.188 17.188 0 0 1 17.669 10.719l32.408 81.022a17.188 17.188 0 0 1-6.849 20.958l-64.817 40.513a17.19 17.19 0 0 1-21.264-2.422zM247.126 95.473c11.832 20.047 11.832 45.008 0 65.055-3.95 6.693-13.108 7.959-18.718 2.581l-5.975-5.726c-3.911-3.748-4.793-9.622-2.261-14.41a32.063 32.063 0 0 0 0-29.945c-2.533-4.788-1.65-10.662 2.261-14.41l5.975-5.726c5.61-5.378 14.768-4.112 18.718 2.581zm91.787-91.187c60.14 71.604 60.092 175.882 0 247.428-4.474 5.327-12.53 5.746-17.552.933l-5.798-5.557c-4.56-4.371-4.977-11.529-.93-16.379 49.687-59.538 49.646-145.933 0-205.422-4.047-4.85-3.631-12.008.93-16.379l5.798-5.557c5.022-4.813 13.078-4.394 17.552.933zm-45.972 44.941c36.05 46.322 36.108 111.149 0 157.546-4.39 5.641-12.697 6.251-17.856 1.304l-5.818-5.579c-4.4-4.219-4.998-11.095-1.285-15.931 26.536-34.564 26.534-82.572 0-117.134-3.713-4.836-3.115-11.711 1.285-15.931l5.818-5.579c5.159-4.947 13.466-4.337 17.856 1.304z\"><\/path><\/svg>\t\t\t\t<\/span>\n\t\t\t<\/div>\n\t\t\t\n\t\t\t\t\t\t<div class=\"elementor-icon-box-content\">\n\n\t\t\t\t\t\t\t\t\t<div class=\"elementor-icon-box-title\">\n\t\t\t\t\t\t<span  >\n\t\t\t\t\t\t\tS\u1ed1 \u0110i\u1ec7n Tho\u1ea1i Li\u00ean L\u1ea1c\t\t\t\t\t\t<\/span>\n\t\t\t\t\t<\/div>\n\t\t\t\t\n\t\t\t\t\t\t\t\t\t<p class=\"elementor-icon-box-description\">\n\t\t\t\t\t\t<a href=\"tel:+84867576336\">086 7576 336<\/a>\t\t\t\t\t<\/p>\n\t\t\t\t\n\t\t\t<\/div>\n\t\t\t\n\t\t<\/div>\n\t\t\t\t\t\t<\/div>\n\t\t\t\t<\/div>\n\t\t\t\t<div class=\"elementor-element elementor-element-c69ee9b elementor-position-inline-start elementor-view-default elementor-mobile-position-block-start elementor-invisible elementor-widget elementor-widget-icon-box\" data-id=\"c69ee9b\" data-element_type=\"widget\" data-e-type=\"widget\" data-settings=\"{&quot;_animation&quot;:&quot;fadeInUp&quot;}\" data-widget_type=\"icon-box.default\">\n\t\t\t\t<div class=\"elementor-widget-container\">\n\t\t\t\t\t\t\t<div class=\"elementor-icon-box-wrapper\">\n\n\t\t\t\t\t\t<div class=\"elementor-icon-box-icon\">\n\t\t\t\t<span  class=\"elementor-icon\">\n\t\t\t\t<i aria-hidden=\"true\" class=\"icon icon-email\"><\/i>\t\t\t\t<\/span>\n\t\t\t<\/div>\n\t\t\t\n\t\t\t\t\t\t<div class=\"elementor-icon-box-content\">\n\n\t\t\t\t\t\t\t\t\t<div class=\"elementor-icon-box-title\">\n\t\t\t\t\t\t<span  >\n\t\t\t\t\t\t\tE-mail\t\t\t\t\t\t<\/span>\n\t\t\t\t\t<\/div>\n\t\t\t\t\n\t\t\t\t\t\t\t\t\t<p class=\"elementor-icon-box-description\">\n\t\t\t\t\t\t<a href=\"tel:+84867576336\">contact@yukoshinzendojo.com<\/a>\t\t\t\t\t<\/p>\n\t\t\t\t\n\t\t\t<\/div>\n\t\t\t\n\t\t<\/div>\n\t\t\t\t\t\t<\/div>\n\t\t\t\t<\/div>\n\t\t\t\t<div class=\"elementor-element elementor-element-815aaff elementor-position-inline-start elementor-view-default elementor-mobile-position-block-start elementor-invisible elementor-widget elementor-widget-icon-box\" data-id=\"815aaff\" data-element_type=\"widget\" data-e-type=\"widget\" data-settings=\"{&quot;_animation&quot;:&quot;fadeInUp&quot;}\" data-widget_type=\"icon-box.default\">\n\t\t\t\t<div class=\"elementor-widget-container\">\n\t\t\t\t\t\t\t<div class=\"elementor-icon-box-wrapper\">\n\n\t\t\t\t\t\t<div class=\"elementor-icon-box-icon\">\n\t\t\t\t<span  class=\"elementor-icon\">\n\t\t\t\t<svg aria-hidden=\"true\" class=\"e-font-icon-svg e-far-clock\" viewBox=\"0 0 512 512\" xmlns=\"http:\/\/www.w3.org\/2000\/svg\"><path d=\"M256 8C119 8 8 119 8 256s111 248 248 248 248-111 248-248S393 8 256 8zm0 448c-110.5 0-200-89.5-200-200S145.5 56 256 56s200 89.5 200 200-89.5 200-200 200zm61.8-104.4l-84.9-61.7c-3.1-2.3-4.9-5.9-4.9-9.7V116c0-6.6 5.4-12 12-12h32c6.6 0 12 5.4 12 12v141.7l66.8 48.6c5.4 3.9 6.5 11.4 2.6 16.8L334.6 349c-3.9 5.3-11.4 6.5-16.8 2.6z\"><\/path><\/svg>\t\t\t\t<\/span>\n\t\t\t<\/div>\n\t\t\t\n\t\t\t\t\t\t<div class=\"elementor-icon-box-content\">\n\n\t\t\t\t\t\t\t\t\t<h3 class=\"elementor-icon-box-title\">\n\t\t\t\t\t\t<span  >\n\t\t\t\t\t\t\tGi\u1edd M\u1edf C\u1eeda\t\t\t\t\t\t<\/span>\n\t\t\t\t\t<\/h3>\n\t\t\t\t\n\t\t\t\t\t\t\t\t\t<p class=\"elementor-icon-box-description\">\n\t\t\t\t\t\t05.00 Chi\u1ec1u - 09.00 T\u1ed1i\t\t\t\t\t<\/p>\n\t\t\t\t\n\t\t\t<\/div>\n\t\t\t\n\t\t<\/div>\n\t\t\t\t\t\t<\/div>\n\t\t\t\t<\/div>\n\t\t\t\t<\/div>\n\t\t\t\t<\/div>\n\t\t\t\t\t<\/div>\n\t\t\t\t<\/div>\n\t\t\t\t<\/div>\n\t\t","protected":false},"excerpt":{"rendered":"<p>TEAKWONDO C\u00e2u h\u1ecfi th\u01b0\u1eddng g\u1eb7p Trang ch\u1ee7 C\u00e2u h\u1ecfi chung Ph\u1ea7n n\u00e0y cung c\u1ea5p nh\u1eefng ki\u1ebfn th\u1ee9c n\u1ec1n t\u1ea3ng v\u1ec1 Taekwondo, bao g\u1ed3m ngu\u1ed3n g\u1ed1c, l\u1ee3i \u00edch v\u00e0 c\u1ea5u tr\u00fac \u0111\u00e0o t\u1ea1o. N\u1ebfu b\u1ea1n l\u00e0 ng\u01b0\u1eddi m\u1edbi b\u1eaft \u0111\u1ea7u, nh\u1eefng c\u00e2u h\u1ecfi sau s\u1ebd gi\u00fap b\u1ea1n hi\u1ec3u r\u00f5 h\u01a1n v\u1ec1 nh\u1eefng \u0111i\u1ec1u c\u0103n b\u1ea3n c\u1ee7a [&hellip;]<\/p>\n","protected":false},"author":1,"featured_media":0,"parent":10184,"menu_order":0,"comment_status":"closed","ping_status":"closed","template":"elementor_header_footer","meta":{"_acf_changed":false,"footnotes":""},"class_list":["post-10249","page","type-page","status-publish","hentry"],"acf":[],"yoast_head":"<!-- This site is optimized with the Yoast SEO plugin v27.4 - https:\/\/yoast.com\/product\/yoast-seo-wordpress\/ -->\n<title>Taekwondo - C\u00e2u h\u1ecfi th\u01b0\u1eddng g\u1eb7p - iKiCenter<\/title>\n<meta name=\"robots\" content=\"index, follow, max-snippet:-1, max-image-preview:large, max-video-preview:-1\" \/>\n<link rel=\"canonical\" href=\"https:\/\/yukoshinzendojo.com\/vi\/taekwondo\/taekwondo-cau-hoi-thuong-gap\/\" \/>\n<meta property=\"og:locale\" content=\"vi_VN\" \/>\n<meta property=\"og:type\" content=\"article\" \/>\n<meta property=\"og:title\" content=\"Taekwondo - C\u00e2u h\u1ecfi th\u01b0\u1eddng g\u1eb7p - iKiCenter\" \/>\n<meta property=\"og:description\" content=\"TEAKWONDO C\u00e2u h\u1ecfi th\u01b0\u1eddng g\u1eb7p Trang ch\u1ee7 C\u00e2u h\u1ecfi chung Ph\u1ea7n n\u00e0y cung c\u1ea5p nh\u1eefng ki\u1ebfn th\u1ee9c n\u1ec1n t\u1ea3ng v\u1ec1 Taekwondo, bao g\u1ed3m ngu\u1ed3n g\u1ed1c, l\u1ee3i \u00edch v\u00e0 c\u1ea5u tr\u00fac \u0111\u00e0o t\u1ea1o. N\u1ebfu b\u1ea1n l\u00e0 ng\u01b0\u1eddi m\u1edbi b\u1eaft \u0111\u1ea7u, nh\u1eefng c\u00e2u h\u1ecfi sau s\u1ebd gi\u00fap b\u1ea1n hi\u1ec3u r\u00f5 h\u01a1n v\u1ec1 nh\u1eefng \u0111i\u1ec1u c\u0103n b\u1ea3n c\u1ee7a [&hellip;]\" \/>\n<meta property=\"og:url\" content=\"https:\/\/yukoshinzendojo.com\/vi\/taekwondo\/taekwondo-cau-hoi-thuong-gap\/\" \/>\n<meta property=\"og:site_name\" content=\"iKiCenter\" \/>\n<meta property=\"article:publisher\" content=\"https:\/\/www.facebook.com\/iKiCenter\" \/>\n<meta property=\"article:modified_time\" content=\"2025-06-02T12:51:23+00:00\" \/>\n<meta name=\"twitter:card\" content=\"summary_large_image\" \/>\n<meta name=\"twitter:label1\" content=\"Est. reading time\" \/>\n\t<meta name=\"twitter:data1\" content=\"7 minutes\" \/>\n<script type=\"application\/ld+json\" class=\"yoast-schema-graph\">{\"@context\":\"https:\\\/\\\/schema.org\",\"@graph\":[{\"@type\":\"WebPage\",\"@id\":\"https:\\\/\\\/yukoshinzendojo.com\\\/vi\\\/taekwondo\\\/taekwondo-cau-hoi-thuong-gap\\\/\",\"url\":\"https:\\\/\\\/yukoshinzendojo.com\\\/vi\\\/taekwondo\\\/taekwondo-cau-hoi-thuong-gap\\\/\",\"name\":\"Taekwondo - C\u00e2u h\u1ecfi th\u01b0\u1eddng g\u1eb7p - iKiCenter\",\"isPartOf\":{\"@id\":\"https:\\\/\\\/yukoshinzendojo.com\\\/vi\\\/#website\"},\"datePublished\":\"2025-02-15T12:01:50+00:00\",\"dateModified\":\"2025-06-02T12:51:23+00:00\",\"breadcrumb\":{\"@id\":\"https:\\\/\\\/yukoshinzendojo.com\\\/vi\\\/taekwondo\\\/taekwondo-cau-hoi-thuong-gap\\\/#breadcrumb\"},\"inLanguage\":\"vi-VN\",\"potentialAction\":[{\"@type\":\"ReadAction\",\"target\":[\"https:\\\/\\\/yukoshinzendojo.com\\\/vi\\\/taekwondo\\\/taekwondo-cau-hoi-thuong-gap\\\/\"]}]},{\"@type\":\"BreadcrumbList\",\"@id\":\"https:\\\/\\\/yukoshinzendojo.com\\\/vi\\\/taekwondo\\\/taekwondo-cau-hoi-thuong-gap\\\/#breadcrumb\",\"itemListElement\":[{\"@type\":\"ListItem\",\"position\":1,\"name\":\"Home\",\"item\":\"https:\\\/\\\/yukoshinzendojo.com\\\/vi\\\/aikido-taekwondo-quan-7-tp-hcm-iki-center\\\/\"},{\"@type\":\"ListItem\",\"position\":2,\"name\":\"Taekwondo\",\"item\":\"https:\\\/\\\/yukoshinzendojo.com\\\/vi\\\/taekwondo\\\/\"},{\"@type\":\"ListItem\",\"position\":3,\"name\":\"Taekwondo &#8211; C\u00e2u h\u1ecfi th\u01b0\u1eddng g\u1eb7p\"}]},{\"@type\":\"WebSite\",\"@id\":\"https:\\\/\\\/yukoshinzendojo.com\\\/vi\\\/#website\",\"url\":\"https:\\\/\\\/yukoshinzendojo.com\\\/vi\\\/\",\"name\":\"Ikicenter\",\"description\":\"R\u00e8n luy\u1ec7n tinh th\u1ea7n, ch\u1eafp c\u00e1nh \u0111am m\u00ea\",\"potentialAction\":[{\"@type\":\"SearchAction\",\"target\":{\"@type\":\"EntryPoint\",\"urlTemplate\":\"https:\\\/\\\/yukoshinzendojo.com\\\/vi\\\/?s={search_term_string}\"},\"query-input\":{\"@type\":\"PropertyValueSpecification\",\"valueRequired\":true,\"valueName\":\"search_term_string\"}}],\"inLanguage\":\"vi-VN\"}]}<\/script>\n<!-- \/ Yoast SEO plugin. -->","yoast_head_json":{"title":"Taekwondo - C\u00e2u h\u1ecfi th\u01b0\u1eddng g\u1eb7p - iKiCenter","robots":{"index":"index","follow":"follow","max-snippet":"max-snippet:-1","max-image-preview":"max-image-preview:large","max-video-preview":"max-video-preview:-1"},"canonical":"https:\/\/yukoshinzendojo.com\/vi\/taekwondo\/taekwondo-cau-hoi-thuong-gap\/","og_locale":"vi_VN","og_type":"article","og_title":"Taekwondo - C\u00e2u h\u1ecfi th\u01b0\u1eddng g\u1eb7p - iKiCenter","og_description":"TEAKWONDO C\u00e2u h\u1ecfi th\u01b0\u1eddng g\u1eb7p Trang ch\u1ee7 C\u00e2u h\u1ecfi chung Ph\u1ea7n n\u00e0y cung c\u1ea5p nh\u1eefng ki\u1ebfn th\u1ee9c n\u1ec1n t\u1ea3ng v\u1ec1 Taekwondo, bao g\u1ed3m ngu\u1ed3n g\u1ed1c, l\u1ee3i \u00edch v\u00e0 c\u1ea5u tr\u00fac \u0111\u00e0o t\u1ea1o. N\u1ebfu b\u1ea1n l\u00e0 ng\u01b0\u1eddi m\u1edbi b\u1eaft \u0111\u1ea7u, nh\u1eefng c\u00e2u h\u1ecfi sau s\u1ebd gi\u00fap b\u1ea1n hi\u1ec3u r\u00f5 h\u01a1n v\u1ec1 nh\u1eefng \u0111i\u1ec1u c\u0103n b\u1ea3n c\u1ee7a [&hellip;]","og_url":"https:\/\/yukoshinzendojo.com\/vi\/taekwondo\/taekwondo-cau-hoi-thuong-gap\/","og_site_name":"iKiCenter","article_publisher":"https:\/\/www.facebook.com\/iKiCenter","article_modified_time":"2025-06-02T12:51:23+00:00","twitter_card":"summary_large_image","twitter_misc":{"Est. reading time":"7 minutes"},"schema":{"@context":"https:\/\/schema.org","@graph":[{"@type":"WebPage","@id":"https:\/\/yukoshinzendojo.com\/vi\/taekwondo\/taekwondo-cau-hoi-thuong-gap\/","url":"https:\/\/yukoshinzendojo.com\/vi\/taekwondo\/taekwondo-cau-hoi-thuong-gap\/","name":"Taekwondo - C\u00e2u h\u1ecfi th\u01b0\u1eddng g\u1eb7p - iKiCenter","isPartOf":{"@id":"https:\/\/yukoshinzendojo.com\/vi\/#website"},"datePublished":"2025-02-15T12:01:50+00:00","dateModified":"2025-06-02T12:51:23+00:00","breadcrumb":{"@id":"https:\/\/yukoshinzendojo.com\/vi\/taekwondo\/taekwondo-cau-hoi-thuong-gap\/#breadcrumb"},"inLanguage":"vi-VN","potentialAction":[{"@type":"ReadAction","target":["https:\/\/yukoshinzendojo.com\/vi\/taekwondo\/taekwondo-cau-hoi-thuong-gap\/"]}]},{"@type":"BreadcrumbList","@id":"https:\/\/yukoshinzendojo.com\/vi\/taekwondo\/taekwondo-cau-hoi-thuong-gap\/#breadcrumb","itemListElement":[{"@type":"ListItem","position":1,"name":"Home","item":"https:\/\/yukoshinzendojo.com\/vi\/aikido-taekwondo-quan-7-tp-hcm-iki-center\/"},{"@type":"ListItem","position":2,"name":"Taekwondo","item":"https:\/\/yukoshinzendojo.com\/vi\/taekwondo\/"},{"@type":"ListItem","position":3,"name":"Taekwondo &#8211; C\u00e2u h\u1ecfi th\u01b0\u1eddng g\u1eb7p"}]},{"@type":"WebSite","@id":"https:\/\/yukoshinzendojo.com\/vi\/#website","url":"https:\/\/yukoshinzendojo.com\/vi\/","name":"Ikicenter","description":"R\u00e8n luy\u1ec7n tinh th\u1ea7n, ch\u1eafp c\u00e1nh \u0111am m\u00ea","potentialAction":[{"@type":"SearchAction","target":{"@type":"EntryPoint","urlTemplate":"https:\/\/yukoshinzendojo.com\/vi\/?s={search_term_string}"},"query-input":{"@type":"PropertyValueSpecification","valueRequired":true,"valueName":"search_term_string"}}],"inLanguage":"vi-VN"}]}},"_links":{"self":[{"href":"https:\/\/yukoshinzendojo.com\/vi\/wp-json\/wp\/v2\/pages\/10249","targetHints":{"allow":["GET"]}}],"collection":[{"href":"https:\/\/yukoshinzendojo.com\/vi\/wp-json\/wp\/v2\/pages"}],"about":[{"href":"https:\/\/yukoshinzendojo.com\/vi\/wp-json\/wp\/v2\/types\/page"}],"author":[{"embeddable":true,"href":"https:\/\/yukoshinzendojo.com\/vi\/wp-json\/wp\/v2\/users\/1"}],"replies":[{"embeddable":true,"href":"https:\/\/yukoshinzendojo.com\/vi\/wp-json\/wp\/v2\/comments?post=10249"}],"version-history":[{"count":0,"href":"https:\/\/yukoshinzendojo.com\/vi\/wp-json\/wp\/v2\/pages\/10249\/revisions"}],"up":[{"embeddable":true,"href":"https:\/\/yukoshinzendojo.com\/vi\/wp-json\/wp\/v2\/pages\/10184"}],"wp:attachment":[{"href":"https:\/\/yukoshinzendojo.com\/vi\/wp-json\/wp\/v2\/media?parent=10249"}],"curies":[{"name":"wp","href":"https:\/\/api.w.org\/{rel}","templated":true}]}}